{"id":2439,"date":"2021-10-01T07:11:16","date_gmt":"2021-10-01T07:11:16","guid":{"rendered":"https:\/\/tl-translations.gr\/?page_id=2439"},"modified":"2021-10-04T14:43:19","modified_gmt":"2021-10-04T14:43:19","slug":"branchen","status":"publish","type":"page","link":"https:\/\/tl-translations.gr\/de\/branchen\/","title":{"rendered":"BRANCHEN"},"content":{"rendered":"<p>[vc_row][vc_column][vc_empty_space alter_height=&#8220;huge&#8220; hide_on_mobile=&#8220;&#8220;]<div id=\"sc_services_1823008642\" class=\"sc_services sc_services_default\"><h3 class=\"sc_item_title sc_services_title sc_align_center sc_item_title_style_default\">Jeder Beruf hat seine eigene Sprache. <\/h3><div class=\"sc_item_descr sc_services_descr sc_align_center\">Jeder Beruf hat seine eigene Sprache. Die Sprache ist je nach Branche unterschiedlich. Aus diesem Grund werden gezielte personalisierte Dienstleistungen ben\u00f6tigt, die Ihren spezifischen Herausforderungen entsprechen. Top Level Translations hat somit verschiedenen Unternehmen und \u00f6ffentlichen Einrichtungen geholfen. Wenn Sie bei einem spezialisierten Markt t\u00e4tig sind oder Marktf\u00fchrer sind, k\u00f6nnen wir f\u00fcr Sie jede Sprachbarriere \u00fcberwinden.<\/div><div class=\"sc_services_columns sc_item_columns sc_item_columns_3 trx_addons_columns_wrap columns_padding_bottom\"><div class=\"trx_addons_column-1_3\"><div class=\"sc_services_item without_content with_image sc_services_item_featured_top\">\n\t<span class=\"sc_services_item_number\">01<\/span>\t<div class=\"sc_services_item_info\">\n\t\t<div class=\"sc_services_item_header\">\n\t\t\t<h5 class=\"sc_services_item_title\">\n\t\t\t\t\t\t\t\t<a href=\"https:\/\/tl-translations.gr\/de\/services\/wirtschaftsuebersetzungen\/\" class=\"sc_services_item_image_icon\"><img decoding=\"async\" src=\"https:\/\/tl-translations.gr\/wp-content\/uploads\/2017\/03\/calculator-clipboard-chart.svg\" alt=\"\"\/><\/a>\n\t\t\t\t<a href=\"https:\/\/tl-translations.gr\/de\/services\/wirtschaftsuebersetzungen\/\">Wirtschafts\u00fcbersetzungen<\/a><\/h5>\n\t\t\t<div class=\"sc_services_item_subtitle\"><a href=\"https:\/\/tl-translations.gr\/de\/services_group\/%cf%84%ce%bf%ce%bc%ce%b5%ce%af%cf%82\/\" title=\"View all posts in \u03a4\u03bf\u03bc\u03b5\u03af\u03c2\">\u03a4\u03bf\u03bc\u03b5\u03af\u03c2<\/a><\/div>\n\t\t<\/div>\n\t\t\t<\/div>\n<\/div>\n<\/div><div class=\"trx_addons_column-1_3\"><div class=\"sc_services_item without_content with_image sc_services_item_featured_top\">\n\t<span class=\"sc_services_item_number\">02<\/span>\t<div class=\"sc_services_item_info\">\n\t\t<div class=\"sc_services_item_header\">\n\t\t\t<h5 class=\"sc_services_item_title\">\n\t\t\t\t\t\t\t\t<a href=\"https:\/\/tl-translations.gr\/de\/services\/technologie-und-innovation\/\" class=\"sc_services_item_image_icon\"><img decoding=\"async\" src=\"https:\/\/tl-translations.gr\/wp-content\/uploads\/2021\/08\/browser-launch-rocket-startup.svg\" alt=\"\"\/><\/a>\n\t\t\t\t<a href=\"https:\/\/tl-translations.gr\/de\/services\/technologie-und-innovation\/\">Technologie und Innovation<\/a><\/h5>\n\t\t\t<div class=\"sc_services_item_subtitle\"><a href=\"https:\/\/tl-translations.gr\/de\/services_group\/%cf%84%ce%bf%ce%bc%ce%b5%ce%af%cf%82\/\" title=\"View all posts in \u03a4\u03bf\u03bc\u03b5\u03af\u03c2\">\u03a4\u03bf\u03bc\u03b5\u03af\u03c2<\/a><\/div>\n\t\t<\/div>\n\t\t\t<\/div>\n<\/div>\n<\/div><div class=\"trx_addons_column-1_3\"><div class=\"sc_services_item without_content with_image sc_services_item_featured_top\">\n\t<span class=\"sc_services_item_number\">03<\/span>\t<div class=\"sc_services_item_info\">\n\t\t<div class=\"sc_services_item_header\">\n\t\t\t<h5 class=\"sc_services_item_title\">\n\t\t\t\t\t\t\t\t<a href=\"https:\/\/tl-translations.gr\/de\/services\/tourismus-archaeologie\/\" class=\"sc_services_item_image_icon\"><img decoding=\"async\" src=\"https:\/\/tl-translations.gr\/wp-content\/uploads\/2017\/03\/bank-capital-building.svg\" alt=\"\"\/><\/a>\n\t\t\t\t<a href=\"https:\/\/tl-translations.gr\/de\/services\/tourismus-archaeologie\/\">Tourismus \/ Arch\u00e4ologie<\/a><\/h5>\n\t\t\t<div class=\"sc_services_item_subtitle\"><a href=\"https:\/\/tl-translations.gr\/de\/services_group\/%cf%84%ce%bf%ce%bc%ce%b5%ce%af%cf%82\/\" title=\"View all posts in \u03a4\u03bf\u03bc\u03b5\u03af\u03c2\">\u03a4\u03bf\u03bc\u03b5\u03af\u03c2<\/a><\/div>\n\t\t<\/div>\n\t\t\t<\/div>\n<\/div>\n<\/div><div class=\"trx_addons_column-1_3\"><div class=\"sc_services_item without_content with_image sc_services_item_featured_top\">\n\t<span class=\"sc_services_item_number\">04<\/span>\t<div class=\"sc_services_item_info\">\n\t\t<div class=\"sc_services_item_header\">\n\t\t\t<h5 class=\"sc_services_item_title\">\n\t\t\t\t\t\t\t\t<a href=\"https:\/\/tl-translations.gr\/de\/services\/medizinische-und-pharmazeutische-uebersetzungen\/\" class=\"sc_services_item_image_icon\"><img decoding=\"async\" src=\"https:\/\/tl-translations.gr\/wp-content\/uploads\/2017\/03\/medical-translations-2.svg\" alt=\"\"\/><\/a>\n\t\t\t\t<a href=\"https:\/\/tl-translations.gr\/de\/services\/medizinische-und-pharmazeutische-uebersetzungen\/\">Medizinische und pharmazeutische \u00dcbersetzungen<\/a><\/h5>\n\t\t\t<div class=\"sc_services_item_subtitle\"><a href=\"https:\/\/tl-translations.gr\/de\/services_group\/%cf%84%ce%bf%ce%bc%ce%b5%ce%af%cf%82\/\" title=\"View all posts in \u03a4\u03bf\u03bc\u03b5\u03af\u03c2\">\u03a4\u03bf\u03bc\u03b5\u03af\u03c2<\/a><\/div>\n\t\t<\/div>\n\t\t\t<\/div>\n<\/div>\n<\/div><div class=\"trx_addons_column-1_3\"><div class=\"sc_services_item without_content with_image sc_services_item_featured_top\">\n\t<span class=\"sc_services_item_number\">05<\/span>\t<div class=\"sc_services_item_info\">\n\t\t<div class=\"sc_services_item_header\">\n\t\t\t<h5 class=\"sc_services_item_title\">\n\t\t\t\t\t\t\t\t<a href=\"https:\/\/tl-translations.gr\/de\/services\/seeschifffahrt\/\" class=\"sc_services_item_image_icon\"><img decoding=\"async\" src=\"https:\/\/tl-translations.gr\/wp-content\/uploads\/2021\/08\/shipping-sector.svg\" alt=\"\"\/><\/a>\n\t\t\t\t<a href=\"https:\/\/tl-translations.gr\/de\/services\/seeschifffahrt\/\">Seeschifffahrt<\/a><\/h5>\n\t\t\t<div class=\"sc_services_item_subtitle\"><a href=\"https:\/\/tl-translations.gr\/de\/services_group\/%cf%84%ce%bf%ce%bc%ce%b5%ce%af%cf%82\/\" title=\"View all posts in \u03a4\u03bf\u03bc\u03b5\u03af\u03c2\">\u03a4\u03bf\u03bc\u03b5\u03af\u03c2<\/a><\/div>\n\t\t<\/div>\n\t\t\t<\/div>\n<\/div>\n<\/div><div class=\"trx_addons_column-1_3\"><div class=\"sc_services_item without_content with_image sc_services_item_featured_top\">\n\t<span class=\"sc_services_item_number\">06<\/span>\t<div class=\"sc_services_item_info\">\n\t\t<div class=\"sc_services_item_header\">\n\t\t\t<h5 class=\"sc_services_item_title\">\n\t\t\t\t\t\t\t\t<a href=\"https:\/\/tl-translations.gr\/de\/services\/%ce%b1%ce%b3%cf%81%ce%bf%cf%84%ce%b9%ce%ba%cf%8c%cf%82-%cf%84%ce%bf%ce%bc%ce%ad%ce%b1%cf%82\/\" class=\"sc_services_item_image_icon\"><img decoding=\"async\" src=\"https:\/\/tl-translations.gr\/wp-content\/uploads\/2021\/09\/agricultural.svg\" alt=\"\"\/><\/a>\n\t\t\t\t<a href=\"https:\/\/tl-translations.gr\/de\/services\/%ce%b1%ce%b3%cf%81%ce%bf%cf%84%ce%b9%ce%ba%cf%8c%cf%82-%cf%84%ce%bf%ce%bc%ce%ad%ce%b1%cf%82\/\">Landwirtschaft<\/a><\/h5>\n\t\t\t<div class=\"sc_services_item_subtitle\"><a href=\"https:\/\/tl-translations.gr\/de\/services_group\/%cf%84%ce%bf%ce%bc%ce%b5%ce%af%cf%82\/\" title=\"View all posts in \u03a4\u03bf\u03bc\u03b5\u03af\u03c2\">\u03a4\u03bf\u03bc\u03b5\u03af\u03c2<\/a><\/div>\n\t\t<\/div>\n\t\t\t<\/div>\n<\/div>\n<\/div><div class=\"trx_addons_column-1_3\"><div class=\"sc_services_item without_content with_image sc_services_item_featured_top\">\n\t<span class=\"sc_services_item_number\">07<\/span>\t<div class=\"sc_services_item_info\">\n\t\t<div class=\"sc_services_item_header\">\n\t\t\t<h5 class=\"sc_services_item_title\">\n\t\t\t\t\t\t\t\t<a href=\"https:\/\/tl-translations.gr\/de\/services\/juristische-uebersetzungen\/\" class=\"sc_services_item_image_icon\"><img decoding=\"async\" src=\"https:\/\/tl-translations.gr\/wp-content\/uploads\/2017\/03\/law-translations-1.svg\" alt=\"\"\/><\/a>\n\t\t\t\t<a href=\"https:\/\/tl-translations.gr\/de\/services\/juristische-uebersetzungen\/\">Juristische \u00dcbersetzungen<\/a><\/h5>\n\t\t\t<div class=\"sc_services_item_subtitle\"><a href=\"https:\/\/tl-translations.gr\/de\/services_group\/%cf%84%ce%bf%ce%bc%ce%b5%ce%af%cf%82\/\" title=\"View all posts in \u03a4\u03bf\u03bc\u03b5\u03af\u03c2\">\u03a4\u03bf\u03bc\u03b5\u03af\u03c2<\/a><\/div>\n\t\t<\/div>\n\t\t\t<\/div>\n<\/div>\n<\/div><\/div><\/div><!-- \/.sc_services -->[vc_empty_space alter_height=&#8220;huge&#8220; hide_on_mobile=&#8220;&#8220;][\/vc_column][\/vc_row][vc_row disable_element=&#8220;yes&#8220;][vc_column]<div class=\"sc_layouts sc_layouts_default sc_layouts_1053\">[vc_row full_width=\"stretch_row\"][vc_column icons_position=\"left\"][vc_row_inner][vc_column_inner icons_position=\"left\"][vc_empty_space alter_height=\"medium\" hide_on_mobile=\"\"]<div class=\"sc_layouts_item\"><div id=\"sc_title_727048490\"\n\t\tclass=\"sc_title sc_title_default\"><h6 class=\"sc_item_subtitle sc_title_subtitle sc_align_left sc_item_title_style_default\">\u0393\u03b5\u03bd\u03b9\u03ba\u03ad\u03c2 \u03b5\u03c1\u03c9\u03c4\u03ae\u03c3\u03b5\u03b9\u03c2<\/h6><h3 class=\"sc_item_title sc_title_title sc_align_left sc_item_title_style_default sc_item_title_tag\">\u03a3\u03a5\u03a7\u039d\u0395\u03a3 \u0395\u03a1\u03a9\u03a4\u0397\u03a3\u0395\u0399\u03a3<\/h3><\/div><!-- \/.sc_title --><\/div>[vc_empty_space hide_on_mobile=\"\"][vc_tta_accordion shape=\"round\" spacing=\"5\" c_icon=\"chevron\" active_section=\"1\" no_fill=\"true\"][vc_tta_section title=\"\u03a0\u03ce\u03c2 \u03bf\u03c1\u03af\u03b6\u03b5\u03c4\u03b1\u03b9 \u03c4\u03bf \u03ba\u03cc\u03c3\u03c4\u03bf\u03c2 \u03ba\u03ac\u03b8\u03b5 \u03bc\u03b5\u03c4\u03ac\u03c6\u03c1\u03b1\u03c3\u03b7\u03c2;\" tab_id=\"costs-1234\"][vc_column_text]\u03a4\u03bf \u03ba\u03cc\u03c3\u03c4\u03bf\u03c2 \u03ba\u03ac\u03b8\u03b5 \u03bc\u03b5\u03c4\u03ac\u03c6\u03c1\u03b1\u03c3\u03b7\u03c2 \u03b5\u03be\u03b1\u03c1\u03c4\u03ac\u03c4\u03b1\u03b9 \u03ba\u03b1\u03c4\u03b1\u03c1\u03c7\u03ae\u03bd \u03b1\u03c0\u03cc \u03c4\u03bf \u03b6\u03b5\u03cd\u03b3\u03bf\u03c2 \u03b3\u03bb\u03c9\u03c3\u03c3\u03ce\u03bd \u03c0\u03bf\u03c5 \u03b1\u03c6\u03bf\u03c1\u03bf\u03cd\u03bd \u03c4\u03b7 \u03bc\u03b5\u03c4\u03ac\u03c6\u03c1\u03b1\u03c3\u03b7. \u0388\u03c0\u03b5\u03b9\u03c4\u03b1 \u03c4\u03bf \u03ba\u03cc\u03c3\u03c4\u03bf\u03c2 \u03ba\u03c5\u03bc\u03b1\u03af\u03bd\u03b5\u03c4\u03b1\u03b9 \u03b1\u03bd\u03ac\u03bb\u03bf\u03b3\u03b1 \u03bc\u03b5 \u03c4\u03b7\u03bd \u03c4\u03b5\u03c7\u03bd\u03b9\u03ba\u03cc\u03c4\u03b7\u03c4\u03b1 \u03c4\u03bf\u03c5 \u03ba\u03ac\u03b8\u03b5 \u03ba\u03b5\u03b9\u03bc\u03ad\u03bd\u03bf\u03c5, \u03bc\u03b5 \u03ac\u03bb\u03bb\u03b1 \u03bb\u03cc\u03b3\u03b9\u03b1 \u03c4\u03b9 \u03c0\u03bf\u03c3\u03bf\u03c3\u03c4\u03cc \u03bf\u03c1\u03bf\u03bb\u03bf\u03b3\u03af\u03b1\u03c2 \u03c0\u03b5\u03c1\u03b9\u03ad\u03c7\u03b5\u03b9 \u03ba\u03b1\u03b8\u03ce\u03c2 \u03ba\u03b1\u03b9 \u03b1\u03c0\u03cc \u03c4\u03bf\u03bd \u03cc\u03b3\u03ba\u03bf \u03c4\u03c9\u03bd \u03c0\u03c1\u03bf\u03c2 \u03bc\u03b5\u03c4\u03ac\u03c6\u03c1\u03b1\u03c3\u03b7 \u03c3\u03b5\u03bb\u03af\u03b4\u03c9\u03bd (\u03c3\u03b5 \u03c0\u03b5\u03c1\u03af\u03c0\u03c4\u03c9\u03c3\u03b7 \u03bc\u03b5\u03b3\u03ac\u03bb\u03bf\u03c5 \u03cc\u03b3\u03ba\u03bf\u03c5 \u03c3\u03b5\u03bb\u03af\u03b4\u03c9\u03bd \u03c0\u03bf\u03c5 \u03c0\u03c1\u03bf\u03bf\u03c1\u03af\u03b6\u03bf\u03bd\u03c4\u03b1\u03b9 \u03b3\u03b9\u03b1 \u03bc\u03b5\u03c4\u03ac\u03c6\u03c1\u03b1\u03c3\u03b7 \u03c5\u03c0\u03ac\u03c1\u03c7\u03b5\u03b9 \u03ad\u03ba\u03c0\u03c4\u03c9\u03c3\u03b7 \u03b5\u03c0\u03af \u03c4\u03bf\u03c5 \u03c3\u03c5\u03bd\u03bf\u03bb\u03b9\u03ba\u03bf\u03cd \u03c0\u03bf\u03c3\u03bf\u03cd).\r\n\r\n\u0393\u03b9\u03b1 \u03c4\u03b7\u03bd \u03ba\u03b1\u03bb\u03cd\u03c4\u03b5\u03c1\u03b7 \u03b5\u03bd\u03b7\u03bc\u03ad\u03c1\u03c9\u03c3\u03ae \u03c3\u03b1\u03c2, \u03b7 \u03ac\u03bc\u03b5\u03c3\u03b7 \u03b5\u03c0\u03b9\u03ba\u03bf\u03b9\u03bd\u03c9\u03bd\u03af\u03b1 \u03bc\u03b5 \u03c4\u03bf \u03b3\u03c1\u03b1\u03c6\u03b5\u03af\u03bf \u03bc\u03b1\u03c2 \u03b5\u03af\u03c4\u03b5 \u03c4\u03b7\u03bb\u03b5\u03c6\u03c9\u03bd\u03b9\u03ba\u03ac, \u03b5\u03af\u03c4\u03b5 \u03b7\u03bb\u03b5\u03ba\u03c4\u03c1\u03bf\u03bd\u03b9\u03ba\u03ac, \u03b8\u03b1 \u03c3\u03b1\u03c2 \u03bb\u03cd\u03c3\u03b5\u03b9 \u03bf\u03c0\u03bf\u03b9\u03b5\u03c3\u03b4\u03ae\u03c0\u03bf\u03c4\u03b5 \u03b1\u03c0\u03bf\u03c1\u03af\u03b5\u03c2 \u03c3\u03c7\u03b5\u03c4\u03b9\u03ba\u03ac \u03bc\u03b5 \u03c4\u03bf \u03ba\u03cc\u03c3\u03c4\u03bf\u03c2 \u03c3\u03c5\u03b3\u03ba\u03b5\u03ba\u03c1\u03b9\u03bc\u03ad\u03bd\u03bf\u03c5 \u03ba\u03b5\u03b9\u03bc\u03ad\u03bd\u03bf\u03c5 \u03ba\u03b1\u03b8\u03ce\u03c2 \u03b8\u03b1 \u03c3\u03b1\u03c2 \u03b4\u03bf\u03b8\u03b5\u03af \u03ac\u03bc\u03b5\u03c3\u03b1 \u03b7 \u03b1\u03bd\u03c4\u03af\u03c3\u03c4\u03bf\u03b9\u03c7\u03b7 \u03c0\u03c1\u03bf\u03c3\u03c6\u03bf\u03c1\u03ac.[\/vc_column_text][\/vc_tta_section][vc_tta_section title=\"\u039c\u03b5 \u03c0\u03bf\u03b9\u03bf\u03bd \u03c4\u03c1\u03cc\u03c0\u03bf \u03b3\u03af\u03bd\u03b5\u03c4\u03b1\u03b9 \u03b7 \u03c0\u03bb\u03b7\u03c1\u03c9\u03bc\u03ae;\" tab_id=\"payments-1234\"][vc_column_text]\u0397 \u03c0\u03bb\u03b7\u03c1\u03c9\u03bc\u03ae \u03bc\u03c0\u03bf\u03c1\u03b5\u03af \u03bd\u03b1 \u03b3\u03af\u03bd\u03b5\u03b9 \u03b5\u03af\u03c4\u03b5 \u03b1\u03c0\u03b5\u03c5\u03b8\u03b5\u03af\u03b1\u03c2 \u03bc\u03b5 \u03c4\u03b7\u03bd \u03c0\u03b1\u03c1\u03b1\u03bb\u03b1\u03b2\u03ae \u03c4\u03b7\u03c2 \u03bc\u03b5\u03c4\u03ac\u03c6\u03c1\u03b1\u03c3\u03b7\u03c2, \u03bf\u03c0\u03cc\u03c4\u03b5 \u03b5\u03ba\u03b4\u03af\u03b4\u03b5\u03c4\u03b1\u03b9 \u03ba\u03b1\u03b9 \u03c4\u03bf \u03c3\u03c7\u03b5\u03c4\u03b9\u03ba\u03cc \u03c4\u03b9\u03bc\u03bf\u03bb\u03cc\u03b3\u03b9\u03bf \u03b5\u03af\u03c4\u03b5 \u03ba\u03b1\u03b9 \u03bc\u03b5 \u03c4\u03c1\u03b1\u03c0\u03b5\u03b6\u03b9\u03ba\u03ae \u03ba\u03b1\u03c4\u03ac\u03b8\u03b5\u03c3\u03b7 \u03c3\u03c4\u03bf\u03bd \u03c4\u03c1\u03b1\u03c0\u03b5\u03b6\u03b9\u03ba\u03cc \u03bb\u03bf\u03b3\u03b1\u03c1\u03b9\u03b1\u03c3\u03bc\u03cc \u03c0\u03bf\u03c5 \u03b4\u03af\u03bd\u03b5\u03c4\u03b1\u03b9 \u03c3\u03c4\u03b7 \u03c3\u03c5\u03bd\u03ad\u03c7\u03b5\u03b9\u03b1 \u03c3\u03c4\u03bf \u03c0\u03b1\u03c1\u03ac\u03b8\u03c5\u03c1\u03bf \u00ab\u0395\u03c0\u03b9\u03ba\u03bf\u03b9\u03bd\u03c9\u03bd\u03af\u03b1\u00bb. \u03a4\u03b7\u03bd \u03b7\u03bc\u03ad\u03c1\u03b1 \u03c4\u03b7\u03c2 \u03ba\u03b1\u03c4\u03ac\u03b8\u03b5\u03c3\u03b7\u03c2 \u03b1\u03c0\u03bf\u03c3\u03c4\u03ad\u03bb\u03bb\u03b5\u03c4\u03b1\u03b9 \u03ba\u03b1\u03b9 \u03c4\u03bf \u03b1\u03bd\u03c4\u03af\u03c3\u03c4\u03bf\u03b9\u03c7\u03bf \u03c4\u03b9\u03bc\u03bf\u03bb\u03cc\u03b3\u03b9\u03bf \u03b1\u03c0\u03cc \u03c4\u03bf \u03b3\u03c1\u03b1\u03c6\u03b5\u03af\u03bf \u03bc\u03b1\u03c2.[\/vc_column_text][\/vc_tta_section][vc_tta_section title=\"\u039c\u03b5 \u03c0\u03bf\u03b9\u03bf\u03bd \u03c4\u03c1\u03cc\u03c0\u03bf \u03b3\u03af\u03bd\u03b5\u03c4\u03b1\u03b9 \u03b7 \u03b1\u03c0\u03bf\u03c3\u03c4\u03bf\u03bb\u03ae \u03c4\u03bf\u03c5 \u03bc\u03b5\u03c4\u03b1\u03c6\u03c1\u03b1\u03c3\u03bc\u03ad\u03bd\u03bf\u03c5 \u03ba\u03b5\u03b9\u03bc\u03ad\u03bd\u03bf\u03c5;\" tab_id=\"dellivery-1234\"][vc_column_text]\u03a4\u03b7 \u03bc\u03b5\u03c4\u03ac\u03c6\u03c1\u03b1\u03c3\u03b7 \u03c4\u03bf\u03c5 \u03ba\u03b5\u03b9\u03bc\u03ad\u03bd\u03bf\u03c5 \u03c0\u03bf\u03c5 \u03ad\u03c7\u03b5\u03c4\u03b5 \u03b1\u03bd\u03b1\u03b8\u03ad\u03c3\u03b5\u03b9 \u03c3\u03c4\u03bf \u03b3\u03c1\u03b1\u03c6\u03b5\u03af\u03bf \u03bc\u03b1\u03c2 \u03bc\u03c0\u03bf\u03c1\u03b5\u03af\u03c4\u03b5 \u03bd\u03b1 \u03c4\u03b7\u03bd \u03c0\u03b1\u03c1\u03b1\u03bb\u03ac\u03b2\u03b5\u03c4\u03b5 \u03b1\u03c0\u03b5\u03c5\u03b8\u03b5\u03af\u03b1\u03c2 \u03b1\u03c0\u03cc \u03c4\u03bf \u03b3\u03c1\u03b1\u03c6\u03b5\u03af\u03bf \u03bc\u03b1\u03c2, \u03c3\u03b5 \u03b7\u03bb\u03b5\u03ba\u03c4\u03c1\u03bf\u03bd\u03b9\u03ba\u03ae \u03bc\u03bf\u03c1\u03c6\u03ae \u03bc\u03ad\u03c3\u03c9 \u03b7\u03bb\u03b5\u03ba\u03c4\u03c1\u03bf\u03bd\u03b9\u03ba\u03bf\u03cd \u03c4\u03b1\u03c7\u03c5\u03b4\u03c1\u03bf\u03bc\u03b5\u03af\u03bf, \u03bc\u03ad\u03c3\u03c9\u00a0Fax\u00a0\u03ba\u03b1\u03b9 \u03c4\u03ad\u03bb\u03bf\u03c2 \u03bc\u03ad\u03c3\u03c9 \u03ba\u03bf\u03cd\u03c1\u03b9\u03b5\u03c1 (\u03bc\u03b5 \u03ad\u03be\u03bf\u03b4\u03b1 \u03c4\u03bf\u03c5 \u03c0\u03b1\u03c1\u03b1\u03bb\u03ae\u03c0\u03c4\u03b7).[\/vc_column_text][\/vc_tta_section][vc_tta_section title=\"\u03a4\u03b9 \u03b5\u03bd\u03bd\u03bf\u03bf\u03cd\u03bc\u03b5 \u03b1\u03ba\u03c1\u03b9\u03b2\u03ce\u03c2 \u03bb\u03ad\u03b3\u03bf\u03bd\u03c4\u03b1\u03c2 ``\u03b5\u03c0\u03af\u03c3\u03b7\u03bc\u03b7 \u03bc\u03b5\u03c4\u03ac\u03c6\u03c1\u03b1\u03c3\u03b7``;\" tab_id=\"official-translation-1234\"][vc_column_text]\u039c\u03b5 \u03c4\u03bf\u03bd \u03cc\u03c1\u03bf \"\u03b5\u03c0\u03af\u03c3\u03b7\u03bc\u03b7 \u03bc\u03b5\u03c4\u03ac\u03c6\u03c1\u03b1\u03c3\u03b7\" \u03b1\u03bd\u03b1\u03c6\u03b5\u03c1\u03cc\u03bc\u03b1\u03c3\u03c4\u03b5 \u03c3\u03b5 \u03bc\u03b5\u03c4\u03b1\u03c6\u03c1\u03b1\u03c3\u03bc\u03ad\u03bd\u03bf \u03ad\u03b3\u03b3\u03c1\u03b1\u03c6\u03bf \u03c4\u03bf \u03bf\u03c0\u03bf\u03af\u03bf \u03ad\u03c7\u03b5\u03b9 \u03b5\u03c0\u03b9\u03ba\u03c5\u03c1\u03c9\u03b8\u03b5\u03af (\u03c6\u03ad\u03c1\u03b5\u03b9 \u03c4\u03b7 \u03c3\u03c6\u03c1\u03b1\u03b3\u03af\u03b4\u03b1) \u03c4\u03bf\u03c5 \u03bc\u03b5\u03c4\u03b1\u03c6\u03c1\u03b1\u03c3\u03c4\u03ae \u03c0\u03bf\u03c5 \u03ad\u03c7\u03b5\u03b9 \u03b1\u03bd\u03b1\u03bb\u03ac\u03b2\u03b5\u03b9 \u03c4\u03b7 \u03bc\u03b5\u03c4\u03ac\u03c6\u03c1\u03b1\u03c3\u03b7. \u03a4\u03bf \u03b3\u03c1\u03b1\u03c6\u03b5\u03af\u03bf \u03bc\u03b1\u03c2 \u03b5\u03af\u03bd\u03b1\u03b9 \u03c3\u03b5 \u03b8\u03ad\u03c3\u03b7 \u03bd\u03b1 \u03b5\u03c0\u03b9\u03ba\u03c5\u03c1\u03ce\u03bd\u03b5\u03b9 \u03c4\u03b9\u03c2 \u03bc\u03b5\u03c4\u03b1\u03c6\u03c1\u03ac\u03c3\u03b5\u03b9\u03c2 \u03c4\u03bf\u03c5 \u03c3\u03b5 \u03cc\u03bb\u03b5\u03c2 \u03c4\u03b9\u03c2 \u03b3\u03bb\u03ce\u03c3\u03c3\u03b5\u03c2 \u03ce\u03c3\u03c4\u03b5 \u03bd\u03b1 \u03b3\u03af\u03bd\u03bf\u03bd\u03c4\u03b1\u03b9 \u03b4\u03b5\u03ba\u03c4\u03ad\u03c2 \u03c3\u03b5 \u03bf\u03c0\u03bf\u03b9\u03b1\u03b4\u03ae\u03c0\u03bf\u03c4\u03b5 \u03b4\u03b7\u03bc\u03cc\u03c3\u03b9\u03b1 \u03ae \u03bc\u03b7 \u03c5\u03c0\u03b7\u03c1\u03b5\u03c3\u03af\u03b1.\r\n\r\n\u03a3\u03b5 \u03b5\u03bb\u03ac\u03c7\u03b9\u03c3\u03c4\u03b5\u03c2 \u03c0\u03b5\u03c1\u03b9\u03c0\u03c4\u03ce\u03c3\u03b5\u03b9\u03c2 (\u03c0\u03c7 \u03c3\u03c5\u03b3\u03ba\u03b5\u03ba\u03c1\u03b9\u03bc\u03ad\u03bd\u03b5\u03c2 \u03c0\u03c1\u03bf\u03ba\u03b7\u03c1\u03cd\u03be\u03b5\u03b9\u03c2 \u03ae \u03b4\u03b9\u03b1\u03b3\u03c9\u03bd\u03b9\u03c3\u03bc\u03bf\u03cd\u03c2 \u03c4\u03bf\u03c5 \u03b4\u03b7\u03bc\u03bf\u03c3\u03af\u03bf\u03c5) \u03cc\u03c0\u03bf\u03c5 \u03b1\u03c0\u03b1\u03b9\u03c4\u03b5\u03af\u03c4\u03b1\u03b9 \u03b5\u03c0\u03b9\u03ba\u03cd\u03c1\u03c9\u03c3\u03b7 \u03b1\u03c0\u03cc \u03b4\u03b9\u03ba\u03b7\u03b3\u03cc\u03c1\u03bf, \u03c4\u03bf \u03b3\u03c1\u03b1\u03c6\u03b5\u03af\u03bf \u03bc\u03b1\u03c2 \u03b1\u03c0\u03b5\u03c5\u03b8\u03cd\u03bd\u03b5\u03c4\u03b1\u03b9 \u03c3\u03b5 \u03b4\u03b9\u03ba\u03bf\u03cd\u03c2 \u03c4\u03bf\u03c5 \u03c3\u03c5\u03bd\u03b5\u03c1\u03b3\u03ac\u03c4\u03b5\u03c2 \u03b4\u03b9\u03ba\u03b7\u03b3\u03cc\u03c1\u03bf\u03c5\u03c2 \u03c0\u03bf\u03c5 \u03b1\u03bd\u03b1\u03bb\u03b1\u03bc\u03b2\u03ac\u03bd\u03bf\u03c5\u03bd \u03c4\u03b7\u03bd \u03b5\u03c0\u03b9\u03ba\u03cd\u03c1\u03c9\u03c3\u03b7 \u03c4\u03c9\u03bd \u03b5\u03b3\u03b3\u03c1\u03ac\u03c6\u03c9\u03bd \u03ac\u03bc\u03b5\u03c3\u03b1 \u03ba\u03b1\u03b9 \u03b1\u03be\u03b9\u03cc\u03c0\u03b9\u03c3\u03c4\u03b1.[\/vc_column_text][\/vc_tta_section][\/vc_tta_accordion][\/vc_column_inner][\/vc_row_inner][vc_empty_space alter_height=\"huge\" hide_on_mobile=\"\"][\/vc_column][\/vc_row]<\/div>[\/vc_column][\/vc_row][vc_row disable_element=&#8220;yes&#8220;][vc_column]<div class=\"sc_layouts sc_layouts_default sc_layouts_238\"><p>[vc_row full_width=\"stretch_row\" row_delimiter=\"\" row_fixed=\"\" hide_on_tablet=\"\" hide_on_mobile=\"\" hide_on_frontpage=\"\" css=\".vc_custom_1513857089894{background: #25274d url(http:\/\/translang.axiomthemes.com\/wp-content\/uploads\/2017\/05\/bg_serv2.jpg?id=621) !important;background-position: center !important;background-repeat: no-repeat !important;background-size: cover !important;}\"][vc_column icons_position=\"left\"][vc_empty_space alter_height=\"huge\" hide_on_mobile=\"\"][vc_row_inner row_delimiter=\"\" el_id=\"p_bar\"][vc_column_inner width=\"2\/3\" icons_position=\"left\"]<div class=\"sc_layouts_item\"><div id=\"sc_title_1647390316\"\n\t\tclass=\"scheme_dark sc_title sc_title_default\"><h6 class=\"sc_item_subtitle sc_title_subtitle sc_align_left sc_item_title_style_default\">languages<\/h6><h3 class=\"sc_item_title sc_title_title sc_align_left sc_item_title_style_default\">Overcome the Language Barrier with Multilingual Translation Services<\/h3><\/div><!-- \/.sc_title --><\/div>[vc_empty_space alter_height=\"small\" hide_on_mobile=\"\"]<div class=\"sc_layouts_item\"><div class=\"sc_item_button sc_button_wrap sc_align_left\"><a href=\"\/our-translators\" id=\"sc_button_903790783\" class=\"sc_button sc_button_default sc_button_size_normal sc_button_icon_left\"><span class=\"sc_button_text sc_align_center\"><span class=\"sc_button_title\">More information<\/span><\/span><!-- \/.sc_button_text --><\/a><!-- \/.sc_button --><\/div><!-- \/.sc_item_button --><\/div>[vc_empty_space alter_height=\"medium\" hide_on_mobile=\"\"][\/vc_column_inner][vc_column_inner width=\"1\/3\" scheme=\"dark\" icons_position=\"left\"][vc_progress_bar values=\"%5B%7B%22label%22%3A%22english%22%2C%22value%22%3A%2291%22%7D%2C%7B%22label%22%3A%22german%22%2C%22value%22%3A%2280%22%7D%2C%7B%22label%22%3A%22french%22%2C%22value%22%3A%2268%22%7D%2C%7B%22label%22%3A%22spanish%22%2C%22value%22%3A%2285%22%7D%5D\" narrow=\"1\"][\/vc_column_inner][\/vc_row_inner][vc_empty_space alter_height=\"large\" hide_on_mobile=\"\"][\/vc_column][\/vc_row]<\/p>\n<\/div>[\/vc_column][\/vc_row][vc_row full_width=&#8220;stretch_row&#8220; scheme=&#8220;dark&#8220; css=&#8220;.vc_custom_1631698007596{margin-bottom: 0px !important;background-image: url(https:\/\/tl-translations.gr\/wp-content\/uploads\/revslider\/home_slider\/slide21.jpg?id=777) !important;background-position: center !important;background-repeat: no-repeat !important;background-size: cover !important;}&#8220;][vc_column]<div class=\"sc_layouts sc_layouts_default sc_layouts_2527\">[vc_row full_width=\"stretch_row\" scheme=\"dark\" css=\".vc_custom_1631698007596{margin-bottom: 0px !important;background-image: url(https:\/\/tl-translations.gr\/wp-content\/uploads\/revslider\/home_slider\/slide21.jpg?id=777) !important;background-position: center !important;background-repeat: no-repeat !important;background-size: cover !important;}\"][vc_column icons_position=\"left\"][vc_empty_space alter_height=\"huge\" hide_on_mobile=\"\"][vc_row_inner][vc_column_inner width=\"1\/2\" icons_position=\"left\"]<div class=\"sc_layouts_item\"><div  id=\"sc_action_1574291060\" \n\tclass=\"sc_action sc_action_default\"><div class=\"sc_action_content sc_item_content\"><div class=\"sc_action_item sc_action_item_default sc_action_item_ml\">\n\t\t\t<div class=\"sc_action_item_image\"><img decoding=\"async\" src=\"\/\/tl-translations.gr\/wp-content\/uploads\/2021\/07\/clipboard-success-checkmark-approved-white.svg\" alt=\"\"><\/div><h3 class=\"sc_action_item_title\"><span>Sie m\u00f6chten eine \u00dcbersetzung?<\/span><\/h3><div class=\"sc_action_item_description\"><span>Unsere professionellen \u00dcbersetzer sind Muttersprachler mit Berufserfahrung in diesem Bereich<\/span><\/div><a href=\"\/de\/order-translation\/\" class=\"sc_action_item_link\">fordern Sie ein Angebot an<\/a><\/div><\/div><\/div><!-- \/.sc_action --><\/div>[\/vc_column_inner][vc_column_inner width=\"1\/2\" icons_position=\"left\"][\/vc_column_inner][\/vc_row_inner][vc_empty_space alter_height=\"huge\" hide_on_mobile=\"\"][\/vc_column][\/vc_row]<\/div>[\/vc_column][\/vc_row]<\/p>\n","protected":false},"excerpt":{"rendered":"<p>[vc_row][vc_column][vc_empty_space alter_height=&#8220;huge&#8220; hide_on_mobile=&#8220;&#8220;][vc_empty_space alter_height=&#8220;huge&#8220; hide_on_mobile=&#8220;&#8220;][\/vc_column][\/vc_row][vc_row disable_element=&#8220;yes&#8220;][vc_column][\/vc_column][\/vc_row][vc_row disable_element=&#8220;yes&#8220;][vc_column][\/vc_column][\/vc_row][vc_row full_width=&#8220;stretch_row&#8220; scheme=&#8220;dark&#8220; css=&#8220;.vc_custom_1631698007596{margin-bottom: 0px !important;background-image: url(https:\/\/tl-translations.gr\/wp-content\/uploads\/revslider\/home_slider\/slide21.jpg?id=777) !important;background-position: center !important;background-repeat: no-repeat !important;background-size: cover !important;}&#8220;][vc_column][\/vc_column][\/vc_row]<\/p>\n","protected":false},"author":99002,"featured_media":0,"parent":0,"menu_order":0,"comment_status":"closed","ping_status":"closed","template":"","meta":{"footnotes":""},"class_list":["post-2439","page","type-page","status-publish","hentry"],"_links":{"self":[{"href":"https:\/\/tl-translations.gr\/de\/wp-json\/wp\/v2\/pages\/2439","targetHints":{"allow":["GET"]}}],"collection":[{"href":"https:\/\/tl-translations.gr\/de\/wp-json\/wp\/v2\/pages"}],"about":[{"href":"https:\/\/tl-translations.gr\/de\/wp-json\/wp\/v2\/types\/page"}],"author":[{"embeddable":true,"href":"https:\/\/tl-translations.gr\/de\/wp-json\/wp\/v2\/users\/99002"}],"replies":[{"embeddable":true,"href":"https:\/\/tl-translations.gr\/de\/wp-json\/wp\/v2\/comments?post=2439"}],"version-history":[{"count":2,"href":"https:\/\/tl-translations.gr\/de\/wp-json\/wp\/v2\/pages\/2439\/revisions"}],"predecessor-version":[{"id":2477,"href":"https:\/\/tl-translations.gr\/de\/wp-json\/wp\/v2\/pages\/2439\/revisions\/2477"}],"wp:attachment":[{"href":"https:\/\/tl-translations.gr\/de\/wp-json\/wp\/v2\/media?parent=2439"}],"curies":[{"name":"wp","href":"https:\/\/api.w.org\/{rel}","templated":true}]}}