{"id":2429,"date":"2021-09-30T11:20:42","date_gmt":"2021-09-30T11:20:42","guid":{"rendered":"https:\/\/tl-translations.gr\/?page_id=2429"},"modified":"2021-10-04T14:41:53","modified_gmt":"2021-10-04T14:41:53","slug":"dienstleistungen","status":"publish","type":"page","link":"https:\/\/tl-translations.gr\/de\/dienstleistungen\/","title":{"rendered":"UNSERE DIENSTLEISTUNGEN"},"content":{"rendered":"<p>[vc_row][vc_column][vc_empty_space alter_height=&#8220;huge&#8220; hide_on_mobile=&#8220;&#8220;]<div id=\"sc_services_1584499852\" class=\"sc_services sc_services_default\"><h3 class=\"sc_item_title sc_services_title sc_align_center sc_item_title_style_default\">Alle unsere Dienstleistungen<\/h3><div class=\"sc_item_descr sc_services_descr sc_align_center\">Unsere vielf\u00e4ltigen Dienstleistungen bieten Ihnen eine breite Palette an professionellen \u00dcbersetzungsauftr\u00e4gen aller Art, die Sie ben\u00f6tigen.<\/div><div class=\"sc_services_columns sc_item_columns sc_item_columns_3 trx_addons_columns_wrap columns_padding_bottom\"><div class=\"trx_addons_column-1_3\"><div class=\"sc_services_item without_content with_image sc_services_item_featured_top\">\n\t<span class=\"sc_services_item_number\">01<\/span>\t<div class=\"sc_services_item_info\">\n\t\t<div class=\"sc_services_item_header\">\n\t\t\t<h5 class=\"sc_services_item_title\">\n\t\t\t\t\t\t\t\t<a href=\"https:\/\/tl-translations.gr\/de\/services\/uebersetzungen\/\" class=\"sc_services_item_image_icon\"><img decoding=\"async\" src=\"https:\/\/tl-translations.gr\/wp-content\/uploads\/2021\/07\/browser-globe-transfer.svg\" alt=\"\"\/><\/a>\n\t\t\t\t<a href=\"https:\/\/tl-translations.gr\/de\/services\/uebersetzungen\/\">\u00dcbersetzungen<\/a><\/h5>\n\t\t\t<div class=\"sc_services_item_subtitle\"><a href=\"https:\/\/tl-translations.gr\/de\/services_group\/%cf%85%cf%80%ce%b7%cf%81%ce%b5%cf%83%ce%af%ce%b5%cf%82\/\" title=\"View all posts in \u03a5\u03c0\u03b7\u03c1\u03b5\u03c3\u03af\u03b5\u03c2\">\u03a5\u03c0\u03b7\u03c1\u03b5\u03c3\u03af\u03b5\u03c2<\/a><\/div>\n\t\t<\/div>\n\t\t\t<\/div>\n<\/div>\n<\/div><div class=\"trx_addons_column-1_3\"><div class=\"sc_services_item without_content with_image sc_services_item_featured_top\">\n\t<span class=\"sc_services_item_number\">02<\/span>\t<div class=\"sc_services_item_info\">\n\t\t<div class=\"sc_services_item_header\">\n\t\t\t<h5 class=\"sc_services_item_title\">\n\t\t\t\t\t\t\t\t<a href=\"https:\/\/tl-translations.gr\/de\/services\/dolmetschen\/\" class=\"sc_services_item_image_icon\"><img decoding=\"async\" src=\"https:\/\/tl-translations.gr\/wp-content\/uploads\/2017\/03\/interpretations.svg\" alt=\"\"\/><\/a>\n\t\t\t\t<a href=\"https:\/\/tl-translations.gr\/de\/services\/dolmetschen\/\">Dolmetschen<\/a><\/h5>\n\t\t\t<div class=\"sc_services_item_subtitle\"><a href=\"https:\/\/tl-translations.gr\/de\/services_group\/%cf%85%cf%80%ce%b7%cf%81%ce%b5%cf%83%ce%af%ce%b5%cf%82\/\" title=\"View all posts in \u03a5\u03c0\u03b7\u03c1\u03b5\u03c3\u03af\u03b5\u03c2\">\u03a5\u03c0\u03b7\u03c1\u03b5\u03c3\u03af\u03b5\u03c2<\/a><\/div>\n\t\t<\/div>\n\t\t\t<\/div>\n<\/div>\n<\/div><div class=\"trx_addons_column-1_3\"><div class=\"sc_services_item without_content with_image sc_services_item_featured_top\">\n\t<span class=\"sc_services_item_number\">03<\/span>\t<div class=\"sc_services_item_info\">\n\t\t<div class=\"sc_services_item_header\">\n\t\t\t<h5 class=\"sc_services_item_title\">\n\t\t\t\t\t\t\t\t<a href=\"https:\/\/tl-translations.gr\/de\/services\/websites-und-lokalisierung\/\" class=\"sc_services_item_image_icon\"><img decoding=\"async\" src=\"https:\/\/tl-translations.gr\/wp-content\/uploads\/2021\/07\/browser-menu-dropdown-navigation-1.svg\" alt=\"\"\/><\/a>\n\t\t\t\t<a href=\"https:\/\/tl-translations.gr\/de\/services\/websites-und-lokalisierung\/\">Websites und Lokalisierung<\/a><\/h5>\n\t\t\t<div class=\"sc_services_item_subtitle\"><a href=\"https:\/\/tl-translations.gr\/de\/services_group\/%cf%85%cf%80%ce%b7%cf%81%ce%b5%cf%83%ce%af%ce%b5%cf%82\/\" title=\"View all posts in \u03a5\u03c0\u03b7\u03c1\u03b5\u03c3\u03af\u03b5\u03c2\">\u03a5\u03c0\u03b7\u03c1\u03b5\u03c3\u03af\u03b5\u03c2<\/a><\/div>\n\t\t<\/div>\n\t\t\t<\/div>\n<\/div>\n<\/div><div class=\"trx_addons_column-1_3\"><div class=\"sc_services_item without_content with_image sc_services_item_featured_top\">\n\t<span class=\"sc_services_item_number\">04<\/span>\t<div class=\"sc_services_item_info\">\n\t\t<div class=\"sc_services_item_header\">\n\t\t\t<h5 class=\"sc_services_item_title\">\n\t\t\t\t\t\t\t\t<a href=\"https:\/\/tl-translations.gr\/de\/services\/desktop-publishing-dtp\/\" class=\"sc_services_item_image_icon\"><img decoding=\"async\" src=\"https:\/\/tl-translations.gr\/wp-content\/uploads\/2021\/07\/DTP.svg\" alt=\"\"\/><\/a>\n\t\t\t\t<a href=\"https:\/\/tl-translations.gr\/de\/services\/desktop-publishing-dtp\/\">DeskTop Publishing (DTP)<\/a><\/h5>\n\t\t\t<div class=\"sc_services_item_subtitle\"><a href=\"https:\/\/tl-translations.gr\/de\/services_group\/%cf%85%cf%80%ce%b7%cf%81%ce%b5%cf%83%ce%af%ce%b5%cf%82\/\" title=\"View all posts in \u03a5\u03c0\u03b7\u03c1\u03b5\u03c3\u03af\u03b5\u03c2\">\u03a5\u03c0\u03b7\u03c1\u03b5\u03c3\u03af\u03b5\u03c2<\/a><\/div>\n\t\t<\/div>\n\t\t\t<\/div>\n<\/div>\n<\/div><div class=\"trx_addons_column-1_3\"><div class=\"sc_services_item without_content with_image sc_services_item_featured_top\">\n\t<span class=\"sc_services_item_number\">05<\/span>\t<div class=\"sc_services_item_info\">\n\t\t<div class=\"sc_services_item_header\">\n\t\t\t<h5 class=\"sc_services_item_title\">\n\t\t\t\t\t\t\t\t<a href=\"https:\/\/tl-translations.gr\/de\/services\/textbearbeitung\/\" class=\"sc_services_item_image_icon\"><img decoding=\"async\" src=\"https:\/\/tl-translations.gr\/wp-content\/uploads\/2021\/08\/text-editing.svg\" alt=\"\"\/><\/a>\n\t\t\t\t<a href=\"https:\/\/tl-translations.gr\/de\/services\/textbearbeitung\/\">Textbearbeitung<\/a><\/h5>\n\t\t\t<div class=\"sc_services_item_subtitle\"><\/div>\n\t\t<\/div>\n\t\t\t<\/div>\n<\/div>\n<\/div><div class=\"trx_addons_column-1_3\"><div class=\"sc_services_item without_content with_image sc_services_item_featured_top\">\n\t<span class=\"sc_services_item_number\">06<\/span>\t<div class=\"sc_services_item_info\">\n\t\t<div class=\"sc_services_item_header\">\n\t\t\t<h5 class=\"sc_services_item_title\">\n\t\t\t\t\t\t\t\t<a href=\"https:\/\/tl-translations.gr\/de\/services\/untertitelung-und-uebertitelung\/\" class=\"sc_services_item_image_icon\"><img decoding=\"async\" src=\"https:\/\/tl-translations.gr\/wp-content\/uploads\/2021\/07\/folder-video-play-movie.svg\" alt=\"\"\/><\/a>\n\t\t\t\t<a href=\"https:\/\/tl-translations.gr\/de\/services\/untertitelung-und-uebertitelung\/\">Untertitelung und \u00dcbertitelung<\/a><\/h5>\n\t\t\t<div class=\"sc_services_item_subtitle\"><a href=\"https:\/\/tl-translations.gr\/de\/services_group\/%cf%85%cf%80%ce%b7%cf%81%ce%b5%cf%83%ce%af%ce%b5%cf%82\/\" title=\"View all posts in \u03a5\u03c0\u03b7\u03c1\u03b5\u03c3\u03af\u03b5\u03c2\">\u03a5\u03c0\u03b7\u03c1\u03b5\u03c3\u03af\u03b5\u03c2<\/a><\/div>\n\t\t<\/div>\n\t\t\t<\/div>\n<\/div>\n<\/div><div class=\"trx_addons_column-1_3\"><div class=\"sc_services_item without_content with_image sc_services_item_featured_top\">\n\t<span class=\"sc_services_item_number\">07<\/span>\t<div class=\"sc_services_item_info\">\n\t\t<div class=\"sc_services_item_header\">\n\t\t\t<h5 class=\"sc_services_item_title\">\n\t\t\t\t\t\t\t\t<a href=\"https:\/\/tl-translations.gr\/de\/services\/transkription\/\" class=\"sc_services_item_image_icon\"><img decoding=\"async\" src=\"https:\/\/tl-translations.gr\/wp-content\/uploads\/2017\/03\/document-sound-volume-audio-speaker.svg\" alt=\"\"\/><\/a>\n\t\t\t\t<a href=\"https:\/\/tl-translations.gr\/de\/services\/transkription\/\">Transkription<\/a><\/h5>\n\t\t\t<div class=\"sc_services_item_subtitle\"><a href=\"https:\/\/tl-translations.gr\/de\/services_group\/%ce%b4%ce%b9%ce%b5%cf%81%ce%bc%ce%b7%ce%bd%ce%b5%ce%af%ce%b1\/\" title=\"View all posts in \u0394\u03b9\u03b5\u03c1\u03bc\u03b7\u03bd\u03b5\u03af\u03b1\">\u0394\u03b9\u03b5\u03c1\u03bc\u03b7\u03bd\u03b5\u03af\u03b1<\/a><a href=\"https:\/\/tl-translations.gr\/de\/services_group\/%cf%85%cf%80%ce%b7%cf%81%ce%b5%cf%83%ce%af%ce%b5%cf%82\/\" title=\"View all posts in \u03a5\u03c0\u03b7\u03c1\u03b5\u03c3\u03af\u03b5\u03c2\">, \u03a5\u03c0\u03b7\u03c1\u03b5\u03c3\u03af\u03b5\u03c2<\/a><\/div>\n\t\t<\/div>\n\t\t\t<\/div>\n<\/div>\n<\/div><\/div><\/div><!-- \/.sc_services -->[vc_empty_space alter_height=&#8220;huge&#8220; hide_on_mobile=&#8220;&#8220;][\/vc_column][\/vc_row][vc_row full_width=&#8220;stretch_row&#8220; scheme=&#8220;dark&#8220; css=&#8220;.vc_custom_1631605381359{margin-bottom: 0px !important;background-image: url(https:\/\/tl-translations.gr\/wp-content\/uploads\/2017\/03\/bg_cta2.jpg?id=250) !important;background-position: center !important;background-repeat: no-repeat !important;background-size: cover !important;}&#8220;][vc_column css=&#8220;.vc_custom_1631605393771{margin-bottom: 0px !important;}&#8220;]<div class=\"sc_layouts sc_layouts_default sc_layouts_2527\">[vc_row full_width=\"stretch_row\" scheme=\"dark\" css=\".vc_custom_1631698007596{margin-bottom: 0px !important;background-image: url(https:\/\/tl-translations.gr\/wp-content\/uploads\/revslider\/home_slider\/slide21.jpg?id=777) !important;background-position: center !important;background-repeat: no-repeat !important;background-size: cover !important;}\"][vc_column icons_position=\"left\"][vc_empty_space alter_height=\"huge\" hide_on_mobile=\"\"][vc_row_inner][vc_column_inner width=\"1\/2\" icons_position=\"left\"]<div class=\"sc_layouts_item\"><div  id=\"sc_action_823522715\" \n\tclass=\"sc_action sc_action_default\"><div class=\"sc_action_content sc_item_content\"><div class=\"sc_action_item sc_action_item_default sc_action_item_ml\">\n\t\t\t<div class=\"sc_action_item_image\"><img decoding=\"async\" src=\"\/\/tl-translations.gr\/wp-content\/uploads\/2021\/07\/clipboard-success-checkmark-approved-white.svg\" alt=\"\"><\/div><h3 class=\"sc_action_item_title\"><span>Sie m\u00f6chten eine \u00dcbersetzung?<\/span><\/h3><div class=\"sc_action_item_description\"><span>Unsere professionellen \u00dcbersetzer sind Muttersprachler mit Berufserfahrung in diesem Bereich<\/span><\/div><a href=\"\/de\/order-translation\/\" class=\"sc_action_item_link\">fordern Sie ein Angebot an<\/a><\/div><\/div><\/div><!-- \/.sc_action --><\/div>[\/vc_column_inner][vc_column_inner width=\"1\/2\" icons_position=\"left\"][\/vc_column_inner][\/vc_row_inner][vc_empty_space alter_height=\"huge\" hide_on_mobile=\"\"][\/vc_column][\/vc_row]<\/div>[\/vc_column][\/vc_row]<\/p>\n","protected":false},"excerpt":{"rendered":"<p>[vc_row][vc_column][vc_empty_space alter_height=&#8220;huge&#8220; hide_on_mobile=&#8220;&#8220;][vc_empty_space alter_height=&#8220;huge&#8220; hide_on_mobile=&#8220;&#8220;][\/vc_column][\/vc_row][vc_row full_width=&#8220;stretch_row&#8220; scheme=&#8220;dark&#8220; css=&#8220;.vc_custom_1631605381359{margin-bottom: 0px !important;background-image: url(https:\/\/tl-translations.gr\/wp-content\/uploads\/2017\/03\/bg_cta2.jpg?id=250) !important;background-position: center !important;background-repeat: no-repeat !important;background-size: cover !important;}&#8220;][vc_column css=&#8220;.vc_custom_1631605393771{margin-bottom: 0px !important;}&#8220;][\/vc_column][\/vc_row]<\/p>\n","protected":false},"author":99002,"featured_media":0,"parent":0,"menu_order":0,"comment_status":"closed","ping_status":"closed","template":"","meta":{"footnotes":""},"class_list":["post-2429","page","type-page","status-publish","hentry"],"_links":{"self":[{"href":"https:\/\/tl-translations.gr\/de\/wp-json\/wp\/v2\/pages\/2429","targetHints":{"allow":["GET"]}}],"collection":[{"href":"https:\/\/tl-translations.gr\/de\/wp-json\/wp\/v2\/pages"}],"about":[{"href":"https:\/\/tl-translations.gr\/de\/wp-json\/wp\/v2\/types\/page"}],"author":[{"embeddable":true,"href":"https:\/\/tl-translations.gr\/de\/wp-json\/wp\/v2\/users\/99002"}],"replies":[{"embeddable":true,"href":"https:\/\/tl-translations.gr\/de\/wp-json\/wp\/v2\/comments?post=2429"}],"version-history":[{"count":4,"href":"https:\/\/tl-translations.gr\/de\/wp-json\/wp\/v2\/pages\/2429\/revisions"}],"predecessor-version":[{"id":2476,"href":"https:\/\/tl-translations.gr\/de\/wp-json\/wp\/v2\/pages\/2429\/revisions\/2476"}],"wp:attachment":[{"href":"https:\/\/tl-translations.gr\/de\/wp-json\/wp\/v2\/media?parent=2429"}],"curies":[{"name":"wp","href":"https:\/\/api.w.org\/{rel}","templated":true}]}}