{"id":2425,"date":"2021-09-30T11:15:32","date_gmt":"2021-09-30T11:15:32","guid":{"rendered":"https:\/\/tl-translations.gr\/?page_id=2425"},"modified":"2021-10-04T13:48:44","modified_gmt":"2021-10-04T13:48:44","slug":"das-unternehmen","status":"publish","type":"page","link":"https:\/\/tl-translations.gr\/de\/das-unternehmen\/","title":{"rendered":"Das Unternehmen"},"content":{"rendered":"<p>[vc_row][vc_column][vc_empty_space alter_height=&#8220;huge&#8220; hide_on_mobile=&#8220;&#8220;]<div  id=\"sc_promo_128807642\" \n\tclass=\"sc_promo sc_promo_default sc_promo_size_normal sc_promo_no_paddings sc_promo_image_position_right\"><div class=\"sc_promo_image\" style=\"background-image:url(https:\/\/tl-translations.gr\/wp-content\/uploads\/2021\/07\/tl-translations.jpg);width:50%;right: 0;\"><\/div><div class=\"sc_promo_text\" style=\"width: 50%;float: left;\">\n\t\t\t<div class=\"sc_promo_text_inner\" style=\"\"><h6 class=\"sc_item_subtitle sc_promo_subtitle sc_align_left sc_item_title_style_default\">Professionelle \u00dcbersetzungen von hoher Qualit\u00e4t<\/h6><div class=\"sc_item_descr sc_promo_descr sc_align_left\"><strong>Top Level Translations<\/strong> wurde 2006 von <strong>Topaltziki Ourania<\/strong>, zertifizierte \u00dcbersetzerin und Absolventin der Abteilung f\u00fcr Fremdsprachen, \u00dcbersetzen und Dolmetschen der Ionischen Universit\u00e4t, gegr\u00fcndet. Das Unternehmen wurde mit dem Hauptzweck gegr\u00fcndet, integrierte Kommunikationsdienste anzubieten.<\/div><\/div>\n\t\t<\/div><!-- \/.sc_promo_text --><\/div><!-- \/.sc_promo -->[vc_empty_space alter_height=&#8220;huge&#8220; hide_on_mobile=&#8220;&#8220;][\/vc_column][\/vc_row][vc_row full_width=&#8220;stretch_row&#8220; css=&#8220;.vc_custom_1625825766375{background: #f8f8f8 url(https:\/\/tl-translations.gr\/wp-content\/uploads\/2021\/07\/bkg2a.jpg?id=1214) !important;background-position: center !important;background-repeat: no-repeat !important;background-size: cover !important;}&#8220;][vc_column width=&#8220;1\/6&#8243;][\/vc_column][vc_column width=&#8220;2\/3&#8243;][vc_empty_space alter_height=&#8220;large&#8220; hide_on_mobile=&#8220;&#8220;][vc_custom_heading text=&#8220;Anerkennung und Vertrauen&#8220; font_container=&#8220;tag:h2|text_align:center&#8220; use_theme_fonts=&#8220;yes&#8220;][vc_column_text css=&#8220;.vc_custom_1633354837832{border-radius: 10px !important;}&#8220;]<\/p>\n<p style=\"text-align: center;\">Seit den ersten Jahren hat es ein kontinuierliches Wachstum gezeigt, sowohl in Bezug auf die Finanzergebnisse, als auch auf die Akzeptanz und Anerkennung im Bereich \u00dcbersetzen und Dolmetschen. Heute hat unser Unternehmen die Anerkennung und das Vertrauen seiner Kunden gewonnen.<\/p>\n<p style=\"text-align: center;\">Unsere Kooperation mit nationalen und international anerkannten Unternehmen verst\u00e4rkt die Dynamik des Unternehmens.<\/p>\n<p>[\/vc_column_text][vc_empty_space alter_height=&#8220;large&#8220; hide_on_mobile=&#8220;&#8220;][vc_empty_space alter_height=&#8220;large&#8220; hide_on_mobile=&#8220;&#8220;][\/vc_column][vc_column width=&#8220;1\/6&#8243;][\/vc_column][\/vc_row][vc_row full_width=&#8220;stretch_row&#8220; parallax=&#8220;content-moving-fade&#8220; parallax_image=&#8220;1220&#8243; parallax_speed_bg=&#8220;1.8&#8243; css=&#8220;.vc_custom_1631602897408{background-position: center;background-repeat: no-repeat !important;background-size: cover !important;}&#8220;][vc_column][vc_empty_space alter_height=&#8220;huge&#8220; hide_on_mobile=&#8220;&#8220;][vc_column_text css=&#8220;.vc_custom_1633355035772{padding-top: 100px !important;padding-right: 50px !important;padding-bottom: 100px !important;padding-left: 50px !important;border-radius: 10px !important;}&#8220; el_class=&#8220;.card-glass&#8220;]<\/p>\n<p style=\"color: black; text-align: center;\">Unser Unternehmen ist Mitglied der <strong>Panhellenischen Vereinigung der Berufs\u00fcbersetzer und Absolventen der Ionischen Universit\u00e4t (PEEMPIP)<\/strong>. PEEMPIP ist Vollmitglied der<br \/>\n<a href=\"http:\/\/www.fit-ift.org\/\">FIT\/IFT<\/a>\u00a0(F\u00e9d\u00e9ration Internationale des Traducteurs\/International Federation of Translators),<br \/>\n<a href=\"http:\/\/www.eulita.eu\/\">EULITA<\/a>\u00a0(European Legal Interpreters and Translators Association),<br \/>\n<a href=\"http:\/\/avteurope.eu\/\">AVTE<\/a>\u00a0(AudioVisual Translators Europe) und der Handelskammer in Thessaloniki.<\/p>\n<p>[\/vc_column_text][vc_empty_space alter_height=&#8220;large&#8220; hide_on_mobile=&#8220;&#8220;][vc_empty_space alter_height=&#8220;large&#8220; hide_on_mobile=&#8220;&#8220;][\/vc_column][\/vc_row][vc_row][vc_column][vc_empty_space alter_height=&#8220;huge&#8220; hide_on_mobile=&#8220;&#8220;]<div  id=\"sc_promo_590248768\" \n\tclass=\"sc_promo sc_promo_default sc_promo_size_normal sc_promo_no_paddings sc_promo_image_position_right\"><div class=\"sc_promo_image\" style=\"background-image:url(https:\/\/tl-translations.gr\/wp-content\/uploads\/2021\/07\/why-us.jpg);width:50%;right: 0;\"><\/div><div class=\"sc_promo_text\" style=\"width: 50%;float: left;\">\n\t\t\t<div class=\"sc_promo_text_inner\" style=\"\"><h6 class=\"sc_item_subtitle sc_promo_subtitle sc_align_left sc_item_title_style_default\">Erfahrung und Spezialisierung<\/h6><div class=\"sc_item_descr sc_promo_descr sc_align_left\">Wir haben langj\u00e4hrige Erfahrung in der \u00dcbersetzung jeglicher Art von Texten. Mithilfe unserer Zusammenarbeit mit verschiedenen Zwischentr\u00e4gernetzen wir uns f\u00fcr die perfekte Lieferung der \u00fcbersetzten Texte ein.<\/div><a href=\"\/de\/why-us\/\" id=\"sc_button_551964343\" class=\"sc_button sc_button_default sc_button_size_normal sc_button_icon_left\"><span class=\"sc_button_text\"><span class=\"sc_button_title\">MEHR<\/span><\/span><!-- \/.sc_button_text --><\/a><!-- \/.sc_button --><\/div>\n\t\t<\/div><!-- \/.sc_promo_text --><\/div><!-- \/.sc_promo -->[vc_empty_space alter_height=&#8220;huge&#8220; hide_on_mobile=&#8220;&#8220;][\/vc_column][\/vc_row][vc_row full_width=&#8220;stretch_row&#8220; parallax=&#8220;content-moving-fade&#8220; parallax_image=&#8220;1910&#8243; parallax_speed_bg=&#8220;1.8&#8243; css=&#8220;.vc_custom_1631601459846{background-position: center;background-repeat: no-repeat !important;background-size: cover !important;}&#8220;][vc_column][vc_empty_space alter_height=&#8220;huge&#8220; hide_on_mobile=&#8220;&#8220;][vc_column_text css=&#8220;.vc_custom_1633355211759{padding-top: 100px !important;padding-right: 50px !important;padding-bottom: 100px !important;padding-left: 50px !important;border-radius: 10px !important;}&#8220; el_class=&#8220;.card-glass-2&#8243;]<\/p>\n<h5 style=\"color: black; text-align: center;\">Mit der notwendigen modernen technischen Ausstattung sind wir in der Lage alle Projekte mit Erfolg durchzuf\u00fchren.<br \/>\nUnser hochqualifiziertes und spezialisiertes Team steht Ihnen jederzeit zur<\/h5>\n<p>[\/vc_column_text][vc_empty_space alter_height=&#8220;large&#8220; hide_on_mobile=&#8220;&#8220;][vc_empty_space alter_height=&#8220;large&#8220; hide_on_mobile=&#8220;&#8220;][\/vc_column][\/vc_row]<\/p>\n","protected":false},"excerpt":{"rendered":"<p>[vc_row][vc_column][vc_empty_space alter_height=&#8220;huge&#8220; hide_on_mobile=&#8220;&#8220;][vc_empty_space alter_height=&#8220;huge&#8220; hide_on_mobile=&#8220;&#8220;][\/vc_column][\/vc_row][vc_row full_width=&#8220;stretch_row&#8220; css=&#8220;.vc_custom_1625825766375{background: #f8f8f8 url(https:\/\/tl-translations.gr\/wp-content\/uploads\/2021\/07\/bkg2a.jpg?id=1214) !important;background-position: center !important;background-repeat: no-repeat !important;background-size: cover !important;}&#8220;][vc_column width=&#8220;1\/6&#8243;][\/vc_column][vc_column width=&#8220;2\/3&#8243;][vc_empty_space alter_height=&#8220;large&#8220; hide_on_mobile=&#8220;&#8220;][vc_custom_heading text=&#8220;Anerkennung und Vertrauen&#8220; font_container=&#8220;tag:h2|text_align:center&#8220; use_theme_fonts=&#8220;yes&#8220;][vc_column_text css=&#8220;.vc_custom_1633354837832{border-radius: 10px !important;}&#8220;] Seit den ersten Jahren hat es ein kontinuierliches Wachstum gezeigt, sowohl in Bezug auf die Finanzergebnisse, als auch auf die Akzeptanz und Anerkennung im Bereich \u00dcbersetzen und Dolmetschen. Heute hat unser Unternehmen&hellip;<\/p>\n","protected":false},"author":99002,"featured_media":0,"parent":0,"menu_order":0,"comment_status":"closed","ping_status":"closed","template":"","meta":{"footnotes":""},"class_list":["post-2425","page","type-page","status-publish","hentry"],"_links":{"self":[{"href":"https:\/\/tl-translations.gr\/de\/wp-json\/wp\/v2\/pages\/2425","targetHints":{"allow":["GET"]}}],"collection":[{"href":"https:\/\/tl-translations.gr\/de\/wp-json\/wp\/v2\/pages"}],"about":[{"href":"https:\/\/tl-translations.gr\/de\/wp-json\/wp\/v2\/types\/page"}],"author":[{"embeddable":true,"href":"https:\/\/tl-translations.gr\/de\/wp-json\/wp\/v2\/users\/99002"}],"replies":[{"embeddable":true,"href":"https:\/\/tl-translations.gr\/de\/wp-json\/wp\/v2\/comments?post=2425"}],"version-history":[{"count":10,"href":"https:\/\/tl-translations.gr\/de\/wp-json\/wp\/v2\/pages\/2425\/revisions"}],"predecessor-version":[{"id":2466,"href":"https:\/\/tl-translations.gr\/de\/wp-json\/wp\/v2\/pages\/2425\/revisions\/2466"}],"wp:attachment":[{"href":"https:\/\/tl-translations.gr\/de\/wp-json\/wp\/v2\/media?parent=2425"}],"curies":[{"name":"wp","href":"https:\/\/api.w.org\/{rel}","templated":true}]}}