{"id":2422,"date":"2021-09-30T10:53:36","date_gmt":"2021-09-30T10:53:36","guid":{"rendered":"https:\/\/tl-translations.gr\/?page_id=2422"},"modified":"2021-10-04T16:03:29","modified_gmt":"2021-10-04T16:03:29","slug":"kontakt","status":"publish","type":"page","link":"https:\/\/tl-translations.gr\/de\/kontakt\/","title":{"rendered":"KONTAKT"},"content":{"rendered":"<p>[vc_row][vc_column][vc_empty_space alter_height=&#8220;huge&#8220; hide_on_mobile=&#8220;&#8220;][vc_column_text]Unser \u00dcbersetzungsb\u00fcro befindet sich im Zentrum von Thessaloniki in der Mitropoleos Stra\u00dfe 110 mit 3 Ethnikis Aminis.[\/vc_column_text][vc_empty_space alter_height=&#8220;huge&#8220; hide_on_mobile=&#8220;&#8220;][\/vc_column][\/vc_row][vc_row equal_height=&#8220;yes&#8220; content_placement=&#8220;top&#8220;][vc_column width=&#8220;5\/12&#8243; el_class=&#8220;dark_link&#8220;]<div id=\"sc_title_1098412358\"\n\t\tclass=\"sc_title sc_title_default\"><h4 class=\"sc_item_title sc_title_title sc_align_left sc_item_title_style_default sc_item_title_tag\">Sie finden uns<\/h4><\/div><!-- \/.sc_title -->[vc_column_text]<\/p>\n<div><big><span class=\"trx_addons_accent\"><label>Die Anschrift:<\/label><\/span><\/big><\/div>\n<div>Mitropoleos Stra\u00dfe 110 mit 3 Ethnikis Aminis<br \/>\nPC 54621 Thessaloniki<\/div>\n<p>[\/vc_column_text][vc_empty_space height=&#8220;1.5em&#8220; alter_height=&#8220;none&#8220; hide_on_mobile=&#8220;&#8220;][vc_column_text]<\/p>\n<div><big><span class=\"trx_addons_accent\"><label>Telefon:<\/label><\/span><\/big><\/div>\n<div><a href=\"tel:+30 2310 222 791\">+30 2310 222 791<\/a><\/div>\n<p>[\/vc_column_text][vc_empty_space height=&#8220;1.5em&#8220; alter_height=&#8220;none&#8220; hide_on_mobile=&#8220;&#8220;][vc_column_text]<\/p>\n<div><big><span class=\"trx_addons_accent\"><label>E-mail:<\/label><\/span><\/big><\/div>\n<div><a href=\"mailto:info@tl-translations.gr\">info@tl-translations.gr<\/a><\/div>\n<p>[\/vc_column_text][vc_empty_space height=&#8220;1.5em&#8220; alter_height=&#8220;none&#8220; hide_on_mobile=&#8220;&#8220;]<div id=\"widget_socials_2137425541\" class=\"widget_area sc_widget_socials vc_widget_socials wpb_content_element\"><aside id=\"widget_socials_2137425541_widget\" class=\"widget widget_socials\"><div class=\"socials_wrap sc_align_left\"><span class=\"social_item\"><a href=\"https:\/\/www.facebook.com\/\u0395\u03c0\u03af\u03c3\u03b7\u03bc\u03b5\u03c2-\u039c\u03b5\u03c4\u03b1\u03c6\u03c1\u03ac\u03c3\u03b5\u03b9\u03c2-\u03a4\u03bf\u03c0\u03b1\u03bb\u03c4\u03b6\u03af\u03ba\u03b7-\u039f\u03c5\u03c1\u03b1\u03bd\u03af\u03b1-492963454159632\" target=\"_blank\" class=\"social_icons social_facebook\"><span class=\"trx_addons_icon-facebook\"><\/span><\/a><\/span><\/div><\/aside><\/div>[\/vc_column][vc_column width=&#8220;7\/12&#8243;]<div id=\"sc_title_514124494\"\n\t\tclass=\"sc_title sc_title_default\"><h4 class=\"sc_item_title sc_title_title sc_align_left sc_item_title_style_default sc_item_title_tag\">Senden Sie uns eine Email<\/h4><\/div><!-- \/.sc_title -->\n<div class=\"wpcf7 no-js\" id=\"wpcf7-f2488-o1\" lang=\"de-DE\" dir=\"ltr\" data-wpcf7-id=\"2488\">\n<div class=\"screen-reader-response\"><p role=\"status\" aria-live=\"polite\" aria-atomic=\"true\"><\/p> <ul><\/ul><\/div>\n<form action=\"\/de\/wp-json\/wp\/v2\/pages\/2422#wpcf7-f2488-o1\" method=\"post\" class=\"wpcf7-form init\" aria-label=\"Kontaktformular\" novalidate=\"novalidate\" data-status=\"init\">\n<fieldset class=\"hidden-fields-container\"><input type=\"hidden\" name=\"_wpcf7\" value=\"2488\" \/><input type=\"hidden\" name=\"_wpcf7_version\" value=\"6.1.4\" \/><input type=\"hidden\" name=\"_wpcf7_locale\" value=\"de_DE\" \/><input type=\"hidden\" name=\"_wpcf7_unit_tag\" value=\"wpcf7-f2488-o1\" \/><input type=\"hidden\" name=\"_wpcf7_container_post\" value=\"0\" \/><input type=\"hidden\" name=\"_wpcf7_posted_data_hash\" value=\"\" \/><input type=\"hidden\" name=\"_wpcf7_recaptcha_response\" value=\"\" \/>\n<\/fieldset>\n<div class=\"trx_addons_columns_wrap\">\n<div class=\"trx_addons_column-1_2\"><label><span class=\"wpcf7-form-control-wrap\" data-name=\"your-name\"><input size=\"40\" maxlength=\"400\" class=\"wpcf7-form-control wpcf7-text wpcf7-validates-as-required\" aria-required=\"true\" aria-invalid=\"false\" placeholder=\"Name\" value=\"\" type=\"text\" name=\"your-name\" \/><\/span><\/label><\/div>\n<div class=\"trx_addons_column-1_2\"><label><span class=\"wpcf7-form-control-wrap\" data-name=\"your-email\"><input size=\"40\" maxlength=\"400\" class=\"wpcf7-form-control wpcf7-email wpcf7-validates-as-required wpcf7-text wpcf7-validates-as-email\" aria-required=\"true\" aria-invalid=\"false\" placeholder=\"email\" value=\"\" type=\"email\" name=\"your-email\" \/><\/span><\/label><\/div>\n<\/div>\n<div><label><span class=\"wpcf7-form-control-wrap\" data-name=\"your-subject\"><input size=\"40\" maxlength=\"400\" class=\"wpcf7-form-control wpcf7-text\" aria-invalid=\"false\" placeholder=\"Gegenstand\" value=\"\" type=\"text\" name=\"your-subject\" \/><\/span><\/label><\/div><div><label><span class=\"wpcf7-form-control-wrap\" data-name=\"your-notes\"><textarea cols=\"40\" rows=\"10\" maxlength=\"2000\" class=\"wpcf7-form-control wpcf7-textarea\" aria-invalid=\"false\" placeholder=\"Ihre Nachricht\" name=\"your-notes\"><\/textarea><\/span><\/label><\/div>\n<input class=\"wpcf7-form-control wpcf7-submit has-spinner\" type=\"submit\" value=\"Senden\" \/><div class=\"wpcf7-response-output\" aria-hidden=\"true\"><\/div>\n<\/form>\n<\/div>\n[\/vc_column][\/vc_row][vc_row][vc_column][vc_empty_space alter_height=&#8220;huge&#8220; hide_on_mobile=&#8220;&#8220;][\/vc_column][\/vc_row][vc_row full_width=&#8220;stretch_row_content_no_spaces&#8220;][vc_column][vc_gmaps link=&#8220;#E-8_JTNDaWZyYW1lJTIwc3JjJTNEJTIyaHR0cHMlM0ElMkYlMkZ3d3cuZ29vZ2xlLmNvbSUyRm1hcHMlMkZlbWJlZCUzRnBiJTNEJTIxMW0xOCUyMTFtMTIlMjExbTMlMjExZDMwMjguMTAyNjc1MzM3MjM1JTIxMmQyMi45NDc1NDQwMTU0MDIyODYlMjEzZDQwLjYyNzYxNzU3OTM0MTEwNiUyMTJtMyUyMTFmMCUyMTJmMCUyMTNmMCUyMTNtMiUyMTFpMTAyNCUyMTJpNzY4JTIxNGYxMy4xJTIxM20zJTIxMW0yJTIxMXMweDE0YTgzOTVlZmQxYjg1YWIlMjUzQTB4YTNjYTJkNmFkYmE1MDg1ZSUyMTJzVE9QJTI1MjBMRVZFTCUyNTIwVFJBTlNMQVRJT05TJTIxNWUwJTIxM20yJTIxMXNlbCUyMTJzZ3IlMjE0djE2MTc0MzM5NDAyNjQlMjE1bTIlMjExc2VsJTIxMnNnciUyMiUyMHdpZHRoJTNEJTIyMTAwJTI1JTIyJTIwaGVpZ2h0JTNEJTIyNjUwJTIyJTIwc3R5bGUlM0QlMjJib3JkZXIlM0EwJTNCJTIyJTIwYWxsb3dmdWxsc2NyZWVuJTNEJTIyJTIyJTIwbG9hZGluZyUzRCUyMmxhenklMjIlM0UlM0MlMkZpZnJhbWUlM0U=&#8220;][\/vc_column][\/vc_row]<\/p>\n","protected":false},"excerpt":{"rendered":"<p>[vc_row][vc_column][vc_empty_space alter_height=&#8220;huge&#8220; hide_on_mobile=&#8220;&#8220;][vc_column_text]Unser \u00dcbersetzungsb\u00fcro befindet sich im Zentrum von Thessaloniki in der Mitropoleos Stra\u00dfe 110 mit 3 Ethnikis Aminis.[\/vc_column_text][vc_empty_space alter_height=&#8220;huge&#8220; hide_on_mobile=&#8220;&#8220;][\/vc_column][\/vc_row][vc_row equal_height=&#8220;yes&#8220; content_placement=&#8220;top&#8220;][vc_column width=&#8220;5\/12&#8243; el_class=&#8220;dark_link&#8220;][vc_column_text] Die Anschrift: Mitropoleos Stra\u00dfe 110 mit 3 Ethnikis Aminis PC 54621 Thessaloniki [\/vc_column_text][vc_empty_space height=&#8220;1.5em&#8220; alter_height=&#8220;none&#8220; hide_on_mobile=&#8220;&#8220;][vc_column_text] Telefon: +30 2310 222 791 [\/vc_column_text][vc_empty_space height=&#8220;1.5em&#8220; alter_height=&#8220;none&#8220; hide_on_mobile=&#8220;&#8220;][vc_column_text] E-mail: info@tl-translations.gr [\/vc_column_text][vc_empty_space height=&#8220;1.5em&#8220; alter_height=&#8220;none&#8220; hide_on_mobile=&#8220;&#8220;][\/vc_column][vc_column width=&#8220;7\/12&#8243;][\/vc_column][\/vc_row][vc_row][vc_column][vc_empty_space alter_height=&#8220;huge&#8220; hide_on_mobile=&#8220;&#8220;][\/vc_column][\/vc_row][vc_row full_width=&#8220;stretch_row_content_no_spaces&#8220;][vc_column][vc_gmaps&hellip;<\/p>\n","protected":false},"author":99002,"featured_media":0,"parent":0,"menu_order":0,"comment_status":"closed","ping_status":"closed","template":"","meta":{"footnotes":""},"class_list":["post-2422","page","type-page","status-publish","hentry"],"_links":{"self":[{"href":"https:\/\/tl-translations.gr\/de\/wp-json\/wp\/v2\/pages\/2422","targetHints":{"allow":["GET"]}}],"collection":[{"href":"https:\/\/tl-translations.gr\/de\/wp-json\/wp\/v2\/pages"}],"about":[{"href":"https:\/\/tl-translations.gr\/de\/wp-json\/wp\/v2\/types\/page"}],"author":[{"embeddable":true,"href":"https:\/\/tl-translations.gr\/de\/wp-json\/wp\/v2\/users\/99002"}],"replies":[{"embeddable":true,"href":"https:\/\/tl-translations.gr\/de\/wp-json\/wp\/v2\/comments?post=2422"}],"version-history":[{"count":4,"href":"https:\/\/tl-translations.gr\/de\/wp-json\/wp\/v2\/pages\/2422\/revisions"}],"predecessor-version":[{"id":2489,"href":"https:\/\/tl-translations.gr\/de\/wp-json\/wp\/v2\/pages\/2422\/revisions\/2489"}],"wp:attachment":[{"href":"https:\/\/tl-translations.gr\/de\/wp-json\/wp\/v2\/media?parent=2422"}],"curies":[{"name":"wp","href":"https:\/\/api.w.org\/{rel}","templated":true}]}}