{"id":2332,"date":"2021-09-30T10:49:57","date_gmt":"2021-09-30T10:49:57","guid":{"rendered":"https:\/\/tl-translations.gr\/?page_id=2332"},"modified":"2021-10-04T15:49:06","modified_gmt":"2021-10-04T15:49:06","slug":"sprachen","status":"publish","type":"page","link":"https:\/\/tl-translations.gr\/de\/sprachen\/","title":{"rendered":"Sprachen"},"content":{"rendered":"<p>[vc_row][vc_column icons_position=&#8220;left&#8220;][vc_empty_space alter_height=&#8220;large&#8220; hide_on_mobile=&#8220;&#8220;][vc_column_text]Wir stehen zu Ihrer Verf\u00fcgung, um Ihnen eine L\u00f6sung f\u00fcr alle Ihre Bed\u00fcrfnisse zu bieten.[\/vc_column_text][vc_custom_heading text=&#8220;Wir decken die Amtssprachen der Europ\u00e4ischen Union ab:&#8220; font_container=&#8220;tag:h4|text_align:left&#8220; use_theme_fonts=&#8220;yes&#8220;][vc_row_inner][vc_column_inner width=&#8220;1\/3&#8243;][vc_column_text]<\/p>\n<ul>\n<li>Englisch<\/li>\n<li>Bulgarisch<\/li>\n<li>Franz\u00f6sisch<\/li>\n<li>Deutsch<\/li>\n<li>D\u00e4nisch<\/li>\n<li>Griechisch<\/li>\n<li>Estnisch<\/li>\n<li>Irisch<\/li>\n<\/ul>\n<p>[\/vc_column_text][\/vc_column_inner][vc_column_inner width=&#8220;1\/3&#8243;][vc_column_text]<\/p>\n<ul>\n<li>Spanisch<\/li>\n<li>Italienisch<\/li>\n<li>Kroatisch<\/li>\n<li>Lettisch<\/li>\n<li>Litauisch<\/li>\n<li>Maltesisch<\/li>\n<li>Niederl\u00e4ndisch<\/li>\n<li>Ungarisch<\/li>\n<\/ul>\n<p>[\/vc_column_text][\/vc_column_inner][vc_column_inner width=&#8220;1\/3&#8243;][vc_column_text]<\/p>\n<ul>\n<li>Polieren<\/li>\n<li>Portugiesisch<\/li>\n<li>Rum\u00e4nisch<\/li>\n<li>Slowakisch<\/li>\n<li>Slowenisch<\/li>\n<li>Schwedisch<\/li>\n<li>Tschechisch<\/li>\n<li>Finnisch<\/li>\n<\/ul>\n<p>[\/vc_column_text][\/vc_column_inner][\/vc_row_inner][vc_custom_heading text=&#8220;und viele andere Sprachen:&#8220; font_container=&#8220;tag:h4|text_align:left&#8220; use_theme_fonts=&#8220;yes&#8220;][vc_row_inner][vc_column_inner width=&#8220;1\/3&#8243;][vc_column_text]<\/p>\n<h5>von Europa<\/h5>\n<ul>\n<li>Russisch<\/li>\n<li>Ukrainisch<\/li>\n<li>Serbisch<\/li>\n<li>Norwegisch<\/li>\n<li>Isl\u00e4ndisch<\/li>\n<li>Sprache von Nordmazedonien<\/li>\n<li>Albanisch<\/li>\n<li>Moldawien<\/li>\n<li>Kasachisch<\/li>\n<li>Georgisch<\/li>\n<\/ul>\n<p>und andere&#8230;[\/vc_column_text][\/vc_column_inner][vc_column_inner width=&#8220;1\/3&#8243;][vc_column_text]<\/p>\n<h5>des Nahen Ostens<\/h5>\n<ul>\n<li>Arabisch<\/li>\n<li>T\u00fcrkisch<\/li>\n<li>Armenisch<\/li>\n<li>Hebr\u00e4isch<\/li>\n<li>Persisch (Farsi)<\/li>\n<\/ul>\n<p>[\/vc_column_text][\/vc_column_inner][vc_column_inner width=&#8220;1\/3&#8243;][vc_column_text]<\/p>\n<h5>des Fernen Ostens<\/h5>\n<ul>\n<li>Chinesisch<\/li>\n<li>Japanisch<\/li>\n<li>Koreanisch<\/li>\n<li>Mongolisch<\/li>\n<\/ul>\n<p>[\/vc_column_text][\/vc_column_inner][\/vc_row_inner][vc_empty_space alter_height=&#8220;medium&#8220; hide_on_mobile=&#8220;&#8220;][\/vc_column][\/vc_row][vc_section full_width=&#8220;stretch_row&#8220; content_placement=&#8220;middle&#8220; scheme=&#8220;dark&#8220; css=&#8220;.vc_custom_1631610791988{padding-top: 100px !important;padding-bottom: 100px !important;background-color: #222446 !important;}&#8220;][vc_row][vc_column][vc_column_text]Unsere vielf\u00e4ltigen Dienstleistungen umfassen professionelle \u00dcbersetzungsauftr\u00e4ge aller Art. Top Level Translations besch\u00e4ftigt Diplom\u00fcbersetzerInnen der Ionischen Universit\u00e4t. Gem\u00e4\u00df dem Pr\u00e4sidialdekret 169 vom 17.06.2002 (Amtsblatt 156\/ 2.7.02) gelten Diplom\u00fcbersetzerInnen der Ionischen Universit\u00e4t als offizielle \u00dcbersetzerInnen und haben das Recht beglaubigte \u00dcbersetzungen [&#8230;] f\u00fcr \u00f6ffentliche Beh\u00f6rden und den privaten Bereich in Griechenland und im Ausland anzufertigen.<br \/>\nWir bieten amtliche und beglaubigte \u00dcbersetzungen jeglicher Art f\u00fcr Privatpersonen und Beh\u00f6rden in Griechenland und im Ausland ohne zus\u00e4tzliche Kosten an.[\/vc_column_text][\/vc_column][\/vc_row][\/vc_section][vc_row full_width=&#8220;stretch_row&#8220; content_placement=&#8220;middle&#8220; parallax=&#8220;content-moving-fade&#8220; parallax_image=&#8220;783&#8243; css=&#8220;.vc_custom_1631610922231{padding-top: 100px !important;padding-bottom: 100px !important;background-position: center;background-repeat: no-repeat !important;background-size: cover !important;}&#8220;][vc_column css=&#8220;.vc_custom_1630318935497{padding-top: 20px !important;padding-right: 20px !important;padding-bottom: 20px !important;padding-left: 20px !important;}&#8220;][vc_custom_heading text=&#8220;Die g\u00e4ngigsten Dokumente, f\u00fcr die eine beglaubigte \u00dcbersetzung ben\u00f6tigt wird sind folgende:&#8220; font_container=&#8220;tag:h2|text_align:left|color:%23ffffff&#8220; use_theme_fonts=&#8220;yes&#8220;][vc_column_text scheme=&#8220;dark&#8220; css=&#8220;.vc_custom_1633361263749{padding-top: 20px !important;padding-right: 20px !important;padding-bottom: 20px !important;padding-left: 20px !important;}&#8220;]<\/p>\n<ul>\n<li>Universit\u00e4tsdiplomenund Studienakten<\/li>\n<li>Finanzdokumente f\u00fcr Steuerbeh\u00f6rden und andere Beh\u00f6rden<\/li>\n<li>Fremdsprachzertifikate<\/li>\n<li>Diplomarbeiten und andere studentischen Arbeiten<\/li>\n<li>Urkunden (Geburtsurkunden, Heiratsurkunden, Sterbeurkunden)<\/li>\n<li>\u00c4rztliche Bescheinigungen und Gutachten<\/li>\n<li>Vertr\u00e4ge<\/li>\n<li>Reisedokumente (Reisep\u00e4sse, Visa etc.)<\/li>\n<\/ul>\n<p>[\/vc_column_text][\/vc_column][\/vc_row]<\/p>\n","protected":false},"excerpt":{"rendered":"<p>[vc_row][vc_column icons_position=&#8220;left&#8220;][vc_empty_space alter_height=&#8220;large&#8220; hide_on_mobile=&#8220;&#8220;][vc_column_text]Wir stehen zu Ihrer Verf\u00fcgung, um Ihnen eine L\u00f6sung f\u00fcr alle Ihre Bed\u00fcrfnisse zu bieten.[\/vc_column_text][vc_custom_heading text=&#8220;Wir decken die Amtssprachen der Europ\u00e4ischen Union ab:&#8220; font_container=&#8220;tag:h4|text_align:left&#8220; use_theme_fonts=&#8220;yes&#8220;][vc_row_inner][vc_column_inner width=&#8220;1\/3&#8243;][vc_column_text] Englisch Bulgarisch Franz\u00f6sisch Deutsch D\u00e4nisch Griechisch Estnisch Irisch [\/vc_column_text][\/vc_column_inner][vc_column_inner width=&#8220;1\/3&#8243;][vc_column_text] Spanisch Italienisch Kroatisch Lettisch Litauisch Maltesisch Niederl\u00e4ndisch Ungarisch [\/vc_column_text][\/vc_column_inner][vc_column_inner width=&#8220;1\/3&#8243;][vc_column_text] Polieren Portugiesisch Rum\u00e4nisch Slowakisch Slowenisch Schwedisch Tschechisch Finnisch [\/vc_column_text][\/vc_column_inner][\/vc_row_inner][vc_custom_heading text=&#8220;und viele&hellip;<\/p>\n","protected":false},"author":99002,"featured_media":0,"parent":0,"menu_order":0,"comment_status":"closed","ping_status":"closed","template":"","meta":{"footnotes":""},"class_list":["post-2332","page","type-page","status-publish","hentry"],"_links":{"self":[{"href":"https:\/\/tl-translations.gr\/de\/wp-json\/wp\/v2\/pages\/2332","targetHints":{"allow":["GET"]}}],"collection":[{"href":"https:\/\/tl-translations.gr\/de\/wp-json\/wp\/v2\/pages"}],"about":[{"href":"https:\/\/tl-translations.gr\/de\/wp-json\/wp\/v2\/types\/page"}],"author":[{"embeddable":true,"href":"https:\/\/tl-translations.gr\/de\/wp-json\/wp\/v2\/users\/99002"}],"replies":[{"embeddable":true,"href":"https:\/\/tl-translations.gr\/de\/wp-json\/wp\/v2\/comments?post=2332"}],"version-history":[{"count":6,"href":"https:\/\/tl-translations.gr\/de\/wp-json\/wp\/v2\/pages\/2332\/revisions"}],"predecessor-version":[{"id":2483,"href":"https:\/\/tl-translations.gr\/de\/wp-json\/wp\/v2\/pages\/2332\/revisions\/2483"}],"wp:attachment":[{"href":"https:\/\/tl-translations.gr\/de\/wp-json\/wp\/v2\/media?parent=2332"}],"curies":[{"name":"wp","href":"https:\/\/api.w.org\/{rel}","templated":true}]}}