{"id":2330,"date":"2021-09-30T10:49:02","date_gmt":"2021-09-30T10:49:02","guid":{"rendered":"https:\/\/tl-translations.gr\/?page_id=2330"},"modified":"2021-10-04T14:17:12","modified_gmt":"2021-10-04T14:17:12","slug":"warum-uns","status":"publish","type":"page","link":"https:\/\/tl-translations.gr\/de\/warum-uns\/","title":{"rendered":"Warum uns"},"content":{"rendered":"<p>[vc_row][vc_column][vc_empty_space alter_height=&#8220;huge&#8220; hide_on_mobile=&#8220;&#8220;]<div  id=\"sc_promo_1117030753\" \n\tclass=\"sc_promo sc_promo_default sc_promo_size_normal sc_promo_no_paddings sc_promo_image_position_right\"><div class=\"sc_promo_image\" style=\"background-image:url(https:\/\/tl-translations.gr\/wp-content\/uploads\/2021\/07\/thank-you.jpg);width:50%;right: 0;\"><\/div><div class=\"sc_promo_text\" style=\"width: 50%;float: left;\">\n\t\t\t<div class=\"sc_promo_text_inner\" style=\"\"><h6 class=\"sc_item_subtitle sc_promo_subtitle sc_align_left sc_item_title_style_default\">Warum uns<\/h6><h3 class=\"sc_item_title sc_promo_title sc_align_left sc_item_title_style_default\">16 Jahren \u00dcbersetzungsdienste<\/h3><div class=\"sc_item_descr sc_promo_descr sc_align_left\">Bei Top Level Translations bieten wir seit 16 Jahren \u00dcbersetzungsdienste f\u00fcr alle Sprachkombinationen mit Perfektion und absoluter Vertraulichkeit an.<br \/><br \/>\nNeben dem Bereich \u00dcbersetzung und Dolmetschen bieten wir Textbearbeitung, Untertitelung \/ \u00dcbertitelung, DTP, Aufnahme \/ Transkription sowie Organisierung von Konferenzen \/ Symposien \/ Workshops etc. an.<\/div><\/div>\n\t\t<\/div><!-- \/.sc_promo_text --><\/div><!-- \/.sc_promo -->[vc_empty_space alter_height=&#8220;huge&#8220; hide_on_mobile=&#8220;&#8220;][\/vc_column][\/vc_row][vc_row full_width=&#8220;stretch_row&#8220; css=&#8220;.vc_custom_1625825766375{background: #f8f8f8 url(https:\/\/tl-translations.gr\/wp-content\/uploads\/2021\/07\/bkg2a.jpg?id=1214) !important;background-position: center !important;background-repeat: no-repeat !important;background-size: cover !important;}&#8220;][vc_column][vc_empty_space alter_height=&#8220;large&#8220; hide_on_mobile=&#8220;&#8220;][vc_custom_heading text=&#8220;\u00dcbersetzung &#8211; Dolmetschen &#8211; Mehrsprachige Veranstaltungen&#8220; font_container=&#8220;tag:h2|text_align:center&#8220; use_theme_fonts=&#8220;yes&#8220;][vc_column_text css=&#8220;.vc_custom_1633356889446{border-radius: 10px !important;}&#8220;]<\/p>\n<p style=\"text-align: center;\">Wir haben langj\u00e4hrige Erfahrung in der \u00dcbersetzung jeglicher Art von Texten. Mithilfe unserer Zusammenarbeit mit verschiedenen Zwischentr\u00e4gernetzen wir uns f\u00fcr die perfekte Lieferung der \u00fcbersetzten Texte ein.<\/p>\n<p>[\/vc_column_text][vc_empty_space alter_height=&#8220;large&#8220; hide_on_mobile=&#8220;&#8220;][vc_empty_space alter_height=&#8220;large&#8220; hide_on_mobile=&#8220;&#8220;][\/vc_column][\/vc_row][vc_row full_width=&#8220;stretch_row&#8220; parallax=&#8220;content-moving-fade&#8220; parallax_image=&#8220;1910&#8243; parallax_speed_bg=&#8220;1.4&#8243; css=&#8220;.vc_custom_1631602701416{background-position: center;background-repeat: no-repeat !important;background-size: cover !important;}&#8220;][vc_column][vc_empty_space alter_height=&#8220;huge&#8220; hide_on_mobile=&#8220;&#8220;][vc_column_text css=&#8220;.vc_custom_1633356896707{padding-top: 100px !important;padding-right: 50px !important;padding-bottom: 100px !important;padding-left: 50px !important;background-color: rgba(255,255,255,0.5) !important;*background-color: rgb(255,255,255) !important;border-radius: 10px !important;}&#8220; el_class=&#8220;.card-glass&#8220;]<\/p>\n<h5 style=\"color: black; text-align: center;\">Mit der notwendigen modernen technischen Ausstattung sind wir in der Lage alle Projekte mit Erfolg durchzuf\u00fchren.<br \/>\nUnser hochqualifiziertes und spezialisiertes Team steht Ihnen jederzeit zur Verf\u00fcgung.<\/h5>\n<p>[\/vc_column_text][vc_empty_space alter_height=&#8220;large&#8220; hide_on_mobile=&#8220;&#8220;][vc_empty_space alter_height=&#8220;large&#8220; hide_on_mobile=&#8220;&#8220;][\/vc_column][\/vc_row][vc_row][vc_column][vc_empty_space alter_height=&#8220;huge&#8220; hide_on_mobile=&#8220;&#8220;]<div  id=\"sc_promo_1050379675\" \n\tclass=\"sc_promo sc_promo_default sc_promo_size_normal sc_promo_no_paddings sc_promo_image_position_right\"><div class=\"sc_promo_image\" style=\"background-image:url(https:\/\/tl-translations.gr\/wp-content\/uploads\/2021\/07\/tl-translations.jpg);width:50%;right: 0;\"><\/div><div class=\"sc_promo_text\" style=\"width: 50%;float: left;\">\n\t\t\t<div class=\"sc_promo_text_inner\" style=\"\"><h6 class=\"sc_item_subtitle sc_promo_subtitle sc_align_left sc_item_title_style_default\">HOCHWERTIGE PROFESSIONELLE \u00dcBERSETZUNGEN<\/h6><div class=\"sc_item_descr sc_promo_descr sc_align_left\"><strong>Top Level Translations<\/strong> wurde 2006 von <strong>Topaltziki Ourania<\/strong>, zertifizierte \u00dcbersetzerin und Absolventin der Abteilung f\u00fcr Fremdsprachen, \u00dcbersetzen und Dolmetschen der Ionischen Universit\u00e4t, gegr\u00fcndet. Das Unternehmen wurde mit dem Hauptzweck gegr\u00fcndet, integrierte Kommunikationsdienste anzubieten.<\/div><a href=\"\/de\/our-history\/\" id=\"sc_button_746393996\" class=\"sc_button sc_button_default sc_button_size_normal sc_button_icon_left\"><span class=\"sc_button_text\"><span class=\"sc_button_title\">UNSERE FIRMA<\/span><\/span><!-- \/.sc_button_text --><\/a><!-- \/.sc_button --><\/div>\n\t\t<\/div><!-- \/.sc_promo_text --><\/div><!-- \/.sc_promo -->[vc_empty_space alter_height=&#8220;huge&#8220; hide_on_mobile=&#8220;&#8220;][\/vc_column][\/vc_row]<\/p>\n","protected":false},"excerpt":{"rendered":"<p>[vc_row][vc_column][vc_empty_space alter_height=&#8220;huge&#8220; hide_on_mobile=&#8220;&#8220;][vc_empty_space alter_height=&#8220;huge&#8220; hide_on_mobile=&#8220;&#8220;][\/vc_column][\/vc_row][vc_row full_width=&#8220;stretch_row&#8220; css=&#8220;.vc_custom_1625825766375{background: #f8f8f8 url(https:\/\/tl-translations.gr\/wp-content\/uploads\/2021\/07\/bkg2a.jpg?id=1214) !important;background-position: center !important;background-repeat: no-repeat !important;background-size: cover !important;}&#8220;][vc_column][vc_empty_space alter_height=&#8220;large&#8220; hide_on_mobile=&#8220;&#8220;][vc_custom_heading text=&#8220;\u00dcbersetzung &#8211; Dolmetschen &#8211; Mehrsprachige Veranstaltungen&#8220; font_container=&#8220;tag:h2|text_align:center&#8220; use_theme_fonts=&#8220;yes&#8220;][vc_column_text css=&#8220;.vc_custom_1633356889446{border-radius: 10px !important;}&#8220;] Wir haben langj\u00e4hrige Erfahrung in der \u00dcbersetzung jeglicher Art von Texten. Mithilfe unserer Zusammenarbeit mit verschiedenen Zwischentr\u00e4gernetzen wir uns f\u00fcr die perfekte Lieferung der \u00fcbersetzten Texte ein. [\/vc_column_text][vc_empty_space alter_height=&#8220;large&#8220; hide_on_mobile=&#8220;&#8220;][vc_empty_space alter_height=&#8220;large&#8220;&hellip;<\/p>\n","protected":false},"author":99002,"featured_media":0,"parent":0,"menu_order":0,"comment_status":"closed","ping_status":"closed","template":"","meta":{"footnotes":""},"class_list":["post-2330","page","type-page","status-publish","hentry"],"_links":{"self":[{"href":"https:\/\/tl-translations.gr\/de\/wp-json\/wp\/v2\/pages\/2330","targetHints":{"allow":["GET"]}}],"collection":[{"href":"https:\/\/tl-translations.gr\/de\/wp-json\/wp\/v2\/pages"}],"about":[{"href":"https:\/\/tl-translations.gr\/de\/wp-json\/wp\/v2\/types\/page"}],"author":[{"embeddable":true,"href":"https:\/\/tl-translations.gr\/de\/wp-json\/wp\/v2\/users\/99002"}],"replies":[{"embeddable":true,"href":"https:\/\/tl-translations.gr\/de\/wp-json\/wp\/v2\/comments?post=2330"}],"version-history":[{"count":6,"href":"https:\/\/tl-translations.gr\/de\/wp-json\/wp\/v2\/pages\/2330\/revisions"}],"predecessor-version":[{"id":2471,"href":"https:\/\/tl-translations.gr\/de\/wp-json\/wp\/v2\/pages\/2330\/revisions\/2471"}],"wp:attachment":[{"href":"https:\/\/tl-translations.gr\/de\/wp-json\/wp\/v2\/media?parent=2330"}],"curies":[{"name":"wp","href":"https:\/\/api.w.org\/{rel}","templated":true}]}}